{"id":3297,"date":"2015-02-03T20:15:09","date_gmt":"2015-02-03T20:15:09","guid":{"rendered":"https:\/\/campinglagodimonate.it\/piano-b\/"},"modified":"2026-01-30T18:20:16","modified_gmt":"2026-01-30T18:20:16","slug":"piano-b","status":"publish","type":"page","link":"https:\/\/campinglagodimonate.it\/fr\/piano-b\/","title":{"rendered":"Piano B"},"content":{"rendered":"<p><div class=\"fusion-fullwidth fullwidth-box fusion-builder-row-1 nonhundred-percent-fullwidth non-hundred-percent-height-scrolling\" style=\"--awb-background-position:left top;--awb-border-sizes-top:0px;--awb-border-sizes-bottom:0px;--awb-border-sizes-left:0px;--awb-border-sizes-right:0px;--awb-border-radius-top-left:0px;--awb-border-radius-top-right:0px;--awb-border-radius-bottom-right:0px;--awb-border-radius-bottom-left:0px;--awb-padding-top:0px;--awb-padding-bottom:85px;--awb-flex-wrap:wrap;\" ><div class=\"fusion-builder-row fusion-row\"><div class=\"fusion-layout-column fusion_builder_column fusion-builder-column-0 fusion_builder_column_1_2 1_2 fusion-one-half fusion-column-first\" style=\"--awb-padding-top:40px;--awb-padding-right:40px;--awb-padding-bottom:40px;--awb-padding-left:40px;--awb-bg-color:#ffffff;--awb-bg-color-hover:#ffffff;--awb-bg-size:cover;--awb-border-color:#ebeef1;--awb-border-top:1px;--awb-border-right:1px;--awb-border-bottom:1px;--awb-border-left:1px;--awb-border-style:solid;width:48%; margin-right: 4%;\"><div class=\"fusion-column-wrapper fusion-flex-column-wrapper-legacy\"><div class=\"fusion-image-element fusion-image-align-center in-legacy-container\" style=\"text-align:center;--awb-liftup-border-radius:0px;--awb-caption-title-font-family:var(--h2_typography-font-family);--awb-caption-title-font-weight:var(--h2_typography-font-weight);--awb-caption-title-font-style:var(--h2_typography-font-style);--awb-caption-title-size:var(--h2_typography-font-size);--awb-caption-title-transform:var(--h2_typography-text-transform);--awb-caption-title-line-height:var(--h2_typography-line-height);--awb-caption-title-letter-spacing:var(--h2_typography-letter-spacing);\"><div class=\"imageframe-align-center\"><div class=\"awb-image-frame awb-image-frame-1 imageframe-liftup\"><span class=\" fusion-imageframe imageframe-dropshadow imageframe-1\" style=\"border:13px solid #ffffff;-webkit-box-shadow: 3px 3px 7px rgba(0,0,0,0.3);box-shadow: 3px 3px 7px rgba(0,0,0,0.3);\"><a href=\"https:\/\/campinglagodimonate.it\/wp-content\/uploads\/2021\/11\/201027_MONATE_PIANOB15095.jpg\" class=\"fusion-lightbox\" data-rel=\"iLightbox[6bef4e0b2d9e01d6e57]\" data-title=\"201027_MONATE_PIANOB15095\" title=\"201027_MONATE_PIANOB15095\"><img decoding=\"async\" width=\"1333\" height=\"2000\" src=\"https:\/\/campinglagodimonate.it\/wp-content\/uploads\/2021\/11\/201027_MONATE_PIANOB15095.jpg\" alt class=\"img-responsive wp-image-2833\" srcset=\"https:\/\/campinglagodimonate.it\/wp-content\/uploads\/2021\/11\/201027_MONATE_PIANOB15095-200x300.jpg 200w, https:\/\/campinglagodimonate.it\/wp-content\/uploads\/2021\/11\/201027_MONATE_PIANOB15095-400x600.jpg 400w, https:\/\/campinglagodimonate.it\/wp-content\/uploads\/2021\/11\/201027_MONATE_PIANOB15095-600x900.jpg 600w, https:\/\/campinglagodimonate.it\/wp-content\/uploads\/2021\/11\/201027_MONATE_PIANOB15095-800x1200.jpg 800w, https:\/\/campinglagodimonate.it\/wp-content\/uploads\/2021\/11\/201027_MONATE_PIANOB15095-1200x1800.jpg 1200w, https:\/\/campinglagodimonate.it\/wp-content\/uploads\/2021\/11\/201027_MONATE_PIANOB15095.jpg 1333w\" sizes=\"(max-width: 1105px) 100vw, 600px\" \/><\/a><\/span><\/div><\/div><\/div><div class=\"fusion-clearfix\"><\/div><\/div><\/div><div class=\"fusion-layout-column fusion_builder_column fusion-builder-column-1 fusion_builder_column_1_2 1_2 fusion-one-half fusion-column-last\" style=\"--awb-bg-size:cover;width:48%;\"><div class=\"fusion-column-wrapper fusion-flex-column-wrapper-legacy\"><div class=\"fusion-text fusion-text-1\"><p style=\"letter-spacing: 4px; font-size: 13px; text-align: center; margin-bottom: 0px;\">BAR ET RESTAURANT<\/p>\n<h1 style=\"text-align: center;\">PIANO B<\/h1>\n<\/div><div class=\"fusion-sep-clear\"><\/div><div class=\"fusion-separator\" style=\"margin-left: auto;margin-right: auto;margin-top:0px;margin-bottom:20px;width:100%;max-width:50px;\"><div class=\"fusion-separator-border sep-single sep-solid\" style=\"--awb-height:20px;--awb-amount:20px;--awb-sep-color:#cbaa5c;border-color:#cbaa5c;border-top-width:1px;\"><\/div><\/div><div class=\"fusion-sep-clear\"><\/div><div class=\"fusion-text fusion-text-2\"><div class=\"fusion-text fusion-text-3\">\n<p style=\"text-align: center;\">Le Bar at Restaurant \u00ab Piano B \u00bb est situ\u00e9 \u00e0 Comabbio, sur les rives du Lac de Monate, un plan d\u2019eau consid\u00e9r\u00e9 comme l\u2019un des endroits les plus pittoresques de la province de Var\u00e8se et de la Lombardie. Nous nous r\u00e9jouissons de vous offrir les meilleures boissons et les meilleurs plats de la cuisine locale et nationale, pr\u00e9par\u00e9s avec le plus grand soin et utilisant uniquement des produits frais et authentiques de la production locale. Dans un environnement confortable et calme, nous vous attendons pour mettre \u00e0 votre disposition nos comp\u00e9tences et notre exp\u00e9rience, afin que vous vous sentiez soign\u00e9 et choy\u00e9 \u00e0 tous \u00e9gards.<\/p>\n<p style=\"text-align: center;\">P\u00c9RIODE D&rsquo;OUVERTURE<strong> 14\/03\/2026 &#8211; 11\/10\/2026<\/strong><\/p>\n<\/div>\n<\/div><div class=\"fusion-sep-clear\"><\/div><div class=\"fusion-separator fusion-full-width-sep\" style=\"margin-left: auto;margin-right: auto;margin-top:12px;width:100%;\"><\/div><div class=\"fusion-sep-clear\"><\/div><div class=\"fusion-button-wrapper fusion-aligncenter\"><a class=\"fusion-button button-flat button-large button-default fusion-button-default button-1 fusion-button-default-span \" style=\"--button-border-radius-top-left:0px;--button-border-radius-top-right:0px;--button-border-radius-bottom-right:0px;--button-border-radius-bottom-left:0px;--button_text_transform:uppercase;\" target=\"_blank\" rel=\"noopener noreferrer\" href=\"https:\/\/pianobfoodanddrink.it\/contatti\/\"><span class=\"fusion-button-text awb-button__text awb-button__text--default fusion-button-text-right\">Contactez-nous<\/span><span class=\"fusion-button-icon-divider button-icon-divider-right\"><i class=\"fa-angle-right fas awb-button__icon awb-button__icon--default\" aria-hidden=\"true\"><\/i><\/span><\/a><\/div><div class=\"fusion-sep-clear\"><\/div><div class=\"fusion-separator fusion-full-width-sep\" style=\"margin-left: auto;margin-right: auto;margin-top:40px;width:100%;\"><\/div><div class=\"fusion-sep-clear\"><\/div><div class=\"fusion-clearfix\"><\/div><\/div><\/div><\/div><\/div><div class=\"fusion-fullwidth fullwidth-box fusion-builder-row-2 nonhundred-percent-fullwidth non-hundred-percent-height-scrolling fusion-equal-height-columns\" style=\"--awb-background-position:left top;--awb-border-sizes-top:0px;--awb-border-sizes-bottom:0px;--awb-border-sizes-left:0px;--awb-border-sizes-right:0px;--awb-border-radius-top-left:0px;--awb-border-radius-top-right:0px;--awb-border-radius-bottom-right:0px;--awb-border-radius-bottom-left:0px;--awb-padding-top:0px;--awb-padding-bottom:100px;--awb-flex-wrap:wrap;\" ><div class=\"fusion-builder-row fusion-row\"><div class=\"fusion-layout-column fusion_builder_column fusion-builder-column-2 fusion_builder_column_1_3 1_3 fusion-one-third fusion-column-first\" style=\"--awb-bg-image:url(&#039;https:\/\/campinglagodimonate.it\/wp-content\/uploads\/2021\/11\/201027_MONATE_PIANOB14743-600x600.jpg&#039;);--awb-bg-position:center center;--awb-bg-size:cover;\"><div class=\"fusion-column-wrapper fusion-column-has-shadow fusion-flex-column-wrapper-legacy fusion-empty-column-bg-image fusion-column-has-bg-image\" data-bg-url=\"https:\/\/campinglagodimonate.it\/wp-content\/uploads\/2021\/11\/201027_MONATE_PIANOB14743-600x600.jpg\"><img decoding=\"async\" class=\"fusion-empty-dims-img-placeholder fusion-no-large-visibility\" aria-label=\"201027_MONATE_PIANOB14743\" src=\"data:image\/svg+xml,%3Csvg%20xmlns%3D%27http%3A%2F%2Fwww.w3.org%2F2000%2Fsvg%27%20width%3D%27600%27%20height%3D%27600%27%20viewBox%3D%270%200%20600%20600%27%3E%3Crect%20width%3D%27600%27%20height%3D%27600%27%20fill-opacity%3D%220%22%2F%3E%3C%2Fsvg%3E\"><div class=\"fusion-clearfix\"><\/div><\/div><\/div><div class=\"fusion-layout-column fusion_builder_column fusion-builder-column-3 fusion_builder_column_1_3 1_3 fusion-one-third\" style=\"--awb-padding-top:40px;--awb-padding-right:40px;--awb-padding-bottom:40px;--awb-padding-left:40px;--awb-bg-color:#1d2939;--awb-bg-color-hover:#1d2939;--awb-bg-size:cover;\"><div class=\"fusion-column-wrapper fusion-flex-column-wrapper-legacy\"><div class=\"fusion-text fusion-text-3\"><h5 style=\"text-align: center;\"><em><span style=\"color: #ffffff;\">\u00ab Impossible de bien r\u00e9fl\u00e9chir, de bien aimer, de bien dormir si on n\u2019a pas mang\u00e9. \u00bb<\/span><\/em><\/h5>\n<p style=\"letter-spacing: 4px; font-size: 13px; text-align: center; line-height: 22px;\"><span style=\"color: #3faaa2;\">Virginia Woolf<\/span><\/p>\n<\/div><div class=\"fusion-clearfix\"><\/div><\/div><\/div><div class=\"fusion-layout-column fusion_builder_column fusion-builder-column-4 fusion_builder_column_1_3 1_3 fusion-one-third fusion-column-last\" style=\"--awb-bg-image:url(&#039;https:\/\/campinglagodimonate.it\/wp-content\/uploads\/2021\/11\/201027_MONATE_PIANOB14852-600x800.jpg&#039;);--awb-bg-size:cover;\"><div class=\"fusion-column-wrapper fusion-column-has-shadow fusion-flex-column-wrapper-legacy fusion-empty-column-bg-image fusion-column-has-bg-image\" data-bg-url=\"https:\/\/campinglagodimonate.it\/wp-content\/uploads\/2021\/11\/201027_MONATE_PIANOB14852-600x800.jpg\"><img decoding=\"async\" class=\"fusion-empty-dims-img-placeholder fusion-no-large-visibility\" aria-label=\"201027_MONATE_PIANOB14852\" src=\"data:image\/svg+xml,%3Csvg%20xmlns%3D%27http%3A%2F%2Fwww.w3.org%2F2000%2Fsvg%27%20width%3D%27600%27%20height%3D%27800%27%20viewBox%3D%270%200%20600%20800%27%3E%3Crect%20width%3D%27600%27%20height%3D%27800%27%20fill-opacity%3D%220%22%2F%3E%3C%2Fsvg%3E\"><div class=\"fusion-clearfix\"><\/div><\/div><\/div><\/div><\/div><\/p>\n","protected":false},"excerpt":{"rendered":"","protected":false},"author":1,"featured_media":0,"parent":0,"menu_order":0,"comment_status":"open","ping_status":"open","template":"100-width.php","meta":{"footnotes":""},"class_list":["post-3297","page","type-page","status-publish","hentry"],"_links":{"self":[{"href":"https:\/\/campinglagodimonate.it\/fr\/wp-json\/wp\/v2\/pages\/3297","targetHints":{"allow":["GET"]}}],"collection":[{"href":"https:\/\/campinglagodimonate.it\/fr\/wp-json\/wp\/v2\/pages"}],"about":[{"href":"https:\/\/campinglagodimonate.it\/fr\/wp-json\/wp\/v2\/types\/page"}],"author":[{"embeddable":true,"href":"https:\/\/campinglagodimonate.it\/fr\/wp-json\/wp\/v2\/users\/1"}],"replies":[{"embeddable":true,"href":"https:\/\/campinglagodimonate.it\/fr\/wp-json\/wp\/v2\/comments?post=3297"}],"version-history":[{"count":11,"href":"https:\/\/campinglagodimonate.it\/fr\/wp-json\/wp\/v2\/pages\/3297\/revisions"}],"predecessor-version":[{"id":4637,"href":"https:\/\/campinglagodimonate.it\/fr\/wp-json\/wp\/v2\/pages\/3297\/revisions\/4637"}],"wp:attachment":[{"href":"https:\/\/campinglagodimonate.it\/fr\/wp-json\/wp\/v2\/media?parent=3297"}],"curies":[{"name":"wp","href":"https:\/\/api.w.org\/{rel}","templated":true}]}}