{"id":3293,"date":"2022-01-16T22:16:33","date_gmt":"2022-01-16T22:16:33","guid":{"rendered":"https:\/\/campinglagodimonate.it\/mobil-home\/"},"modified":"2026-04-21T14:50:18","modified_gmt":"2026-04-21T14:50:18","slug":"mobil-home","status":"publish","type":"page","link":"https:\/\/campinglagodimonate.it\/fr\/mobil-home\/","title":{"rendered":"Mobil-home"},"content":{"rendered":"<p><div class=\"fusion-fullwidth fullwidth-box fusion-builder-row-1 nonhundred-percent-fullwidth non-hundred-percent-height-scrolling\" style=\"--awb-background-position:left top;--awb-border-sizes-top:0px;--awb-border-sizes-bottom:0px;--awb-border-sizes-left:0px;--awb-border-sizes-right:0px;--awb-border-radius-top-left:0px;--awb-border-radius-top-right:0px;--awb-border-radius-bottom-right:0px;--awb-border-radius-bottom-left:0px;--awb-padding-top:0px;--awb-padding-bottom:0px;--awb-flex-wrap:wrap;\" ><div class=\"fusion-builder-row fusion-row\"><div class=\"fusion-layout-column fusion_builder_column fusion-builder-column-0 fusion_builder_column_1_1 1_1 fusion-one-full fusion-column-first fusion-column-last\" style=\"--awb-bg-position:right bottom;--awb-bg-size:cover;\"><div class=\"fusion-column-wrapper fusion-flex-column-wrapper-legacy\"><div class=\"fusion-text fusion-text-1\"><h1>Mobil-home Dotty<\/h1>\n<\/div><div class=\"fusion-sep-clear\"><\/div><div class=\"fusion-separator fusion-clearfix\" style=\"float:left;margin-top:0px;margin-bottom:20px;width:100%;max-width:50px;\"><div class=\"fusion-separator-border sep-single sep-solid\" style=\"--awb-height:20px;--awb-amount:20px;--awb-sep-color:#cbaa5c;border-color:#cbaa5c;border-top-width:1px;\"><\/div><\/div><div class=\"fusion-sep-clear\"><\/div><div class=\"fusion-text fusion-text-2\"><p>Solution <b>3 pi\u00e8ces<\/b> (chambre double, 2 chambres twin) avec kitchenette, \u00e9quip\u00e9e d&rsquo;ustensiles de cuisine, \u00e9vier, r\u00e9frig\u00e9rateur, cuisini\u00e8re \u00e0 gaz, couvertures et oreillers, 2 salles de bains avec sanitaires et douche chaude, A\/C, terrasse en bois avec table et chaises ext\u00e9rieures, place de parking r\u00e9serv\u00e9e. Le linge n\u2019est pas fourni, uniquement du linge jetable (sur r\u00e9servation) est fourni. L&rsquo;espace de vie est caract\u00e9ris\u00e9 par des pi\u00e8ces lumineuses gr\u00e2ce aux grandes portes coulissantes donnant acc\u00e8s \u00e0 la terrasse avec vue sur le lac. L\u2019espace de couchage dispose de 3 chambres : la chambre principale avec un lit et une salle de bains compl\u00e8te avec toilettes et lavabo, et deux chambres doubles avec deux lits simples. Toutes les chambres sont \u00e9quip\u00e9es d\u2019unit\u00e9s murales et d\u2019armoires confortables. La deuxi\u00e8me salle de bains comprend un lavabo, des \u00e9tag\u00e8res, un miroir, des toilettes en c\u00e9ramique et une cabine de douche. Les animaux ne sont pas admis dans les locaux.<\/p>\n<\/div><div class=\"fusion-sep-clear\"><\/div><div class=\"fusion-separator fusion-full-width-sep\" style=\"margin-left: auto;margin-right: auto;margin-top:20px;width:100%;\"><\/div><div class=\"fusion-sep-clear\"><\/div><div class=\"fusion-clearfix\"><\/div><\/div><\/div><\/div><\/div><div class=\"fusion-fullwidth fullwidth-box fusion-builder-row-2 nonhundred-percent-fullwidth non-hundred-percent-height-scrolling\" style=\"--awb-border-radius-top-left:0px;--awb-border-radius-top-right:0px;--awb-border-radius-bottom-right:0px;--awb-border-radius-bottom-left:0px;--awb-padding-bottom:40px;--awb-flex-wrap:wrap;\" ><div class=\"fusion-builder-row fusion-row\"><div class=\"fusion-layout-column fusion_builder_column fusion-builder-column-1 fusion_builder_column_1_1 1_1 fusion-one-full fusion-column-first fusion-column-last fusion-column-no-min-height\" style=\"--awb-bg-size:cover;\"><div class=\"fusion-column-wrapper fusion-column-has-shadow fusion-flex-column-wrapper-legacy\"><div class=\"awb-gallery-wrapper awb-gallery-wrapper-1 button-span-no\" style=\"--more-btn-alignment:center;\"><div style=\"margin:-5px;--awb-bordersize:0px;\" class=\"fusion-gallery fusion-gallery-container fusion-grid-3 fusion-columns-total-1 fusion-gallery-layout-masonry fusion-gallery-1\"><div class=\"fusion-grid-column fusion-gallery-column fusion-gallery-column-3 hover-type-none fusion-grid-sizer\"><\/div><div style=\"padding:5px;\" class=\"fusion-grid-column fusion-gallery-column fusion-gallery-column-3 hover-type-none fusion-element-landscape\"><div class=\"fusion-gallery-image\"><a href=\"https:\/\/campinglagodimonate.it\/wp-content\/uploads\/2024\/02\/6-mobile-home-231129-42609372-8.jpeg\" rel=\"noreferrer\" data-rel=\"iLightbox[gallery_image_1]\" class=\"fusion-lightbox\" target=\"_self\"><div style=\"background-image:url(https:\/\/campinglagodimonate.it\/wp-content\/uploads\/2024\/02\/6-mobile-home-231129-42609372-8.jpeg);padding-top:calc((100% + 10px) * 0.4 - 5px);background-position:;\" class=\"fusion-masonry-element-container\"><img decoding=\"async\" src=\"https:\/\/campinglagodimonate.it\/wp-content\/uploads\/2024\/02\/6-mobile-home-231129-42609372-8.jpeg\" width=\"640\" height=\"400\" alt=\"\" title=\"6-mobile-home-231129-42609372-8\" aria-label=\"6-mobile-home-231129-42609372-8\" class=\"img-responsive wp-image-4182\" srcset=\"https:\/\/campinglagodimonate.it\/wp-content\/uploads\/2024\/02\/6-mobile-home-231129-42609372-8-200x125.jpeg 200w, https:\/\/campinglagodimonate.it\/wp-content\/uploads\/2024\/02\/6-mobile-home-231129-42609372-8-400x250.jpeg 400w, https:\/\/campinglagodimonate.it\/wp-content\/uploads\/2024\/02\/6-mobile-home-231129-42609372-8-600x375.jpeg 600w, https:\/\/campinglagodimonate.it\/wp-content\/uploads\/2024\/02\/6-mobile-home-231129-42609372-8.jpeg 640w\" sizes=\"(min-width: 2200px) 100vw, (min-width: 945px) 1170px, \" \/><\/div><\/a><\/div><\/div><\/div><\/div><div class=\"fusion-clearfix\"><\/div><\/div><\/div><\/div><\/div><div class=\"fusion-fullwidth fullwidth-box fusion-builder-row-3 nonhundred-percent-fullwidth non-hundred-percent-height-scrolling\" style=\"--awb-background-position:left top;--awb-border-sizes-top:0px;--awb-border-sizes-bottom:0px;--awb-border-sizes-left:0px;--awb-border-sizes-right:0px;--awb-border-radius-top-left:0px;--awb-border-radius-top-right:0px;--awb-border-radius-bottom-right:0px;--awb-border-radius-bottom-left:0px;--awb-padding-top:0px;--awb-padding-bottom:0px;--awb-flex-wrap:wrap;\" ><div class=\"fusion-builder-row fusion-row\"><div class=\"fusion-layout-column fusion_builder_column fusion-builder-column-2 fusion_builder_column_1_1 1_1 fusion-one-full fusion-column-first fusion-column-last\" style=\"--awb-bg-position:right bottom;--awb-bg-size:cover;\"><div class=\"fusion-column-wrapper fusion-flex-column-wrapper-legacy\"><div class=\"fusion-text fusion-text-3\"><h1>Mobil-home Amelia<\/h1>\n<\/div><div class=\"fusion-sep-clear\"><\/div><div class=\"fusion-separator fusion-clearfix\" style=\"float:left;margin-top:0px;margin-bottom:20px;width:100%;max-width:50px;\"><div class=\"fusion-separator-border sep-single sep-solid\" style=\"--awb-height:20px;--awb-amount:20px;--awb-sep-color:#cbaa5c;border-color:#cbaa5c;border-top-width:1px;\"><\/div><\/div><div class=\"fusion-sep-clear\"><\/div><div class=\"fusion-text fusion-text-4\"><p>Solution \u00e0 <b>2 chambres<\/b> (chambre double, 1 chambre \u00e0 deux lits) avec kitchenette, \u00e9quip\u00e9e d&rsquo;ustensiles de cuisine, \u00e9vier, r\u00e9frig\u00e9rateur, cuisini\u00e8re \u00e0 gaz, couvertures et oreillers, 2 salles de bains avec sanitaires et douche chaude, A\/C, terrasse en bois avec table et chaises ext\u00e9rieures, place de parking r\u00e9serv\u00e9e. Le linge n\u2019est pas fourni, uniquement du linge jetable (sur r\u00e9servation) est fourni. L&rsquo;espace de vie est caract\u00e9ris\u00e9 par des pi\u00e8ces lumineuses gr\u00e2ce aux grandes portes coulissantes donnant acc\u00e8s \u00e0 la terrasse avec vue sur le lac.<br \/>\nDans le salon, vous trouverez un canap\u00e9-lit fran\u00e7ais, une table et des chaises.<br \/>\nLe coin nuit comprend 2 chambres : la chambre principale avec un lit double et une salle de bains avec toilettes et lavabo, et une chambre \u00e0 deux lits avec deux lits simples. Toutes les chambres sont \u00e9quip\u00e9es d\u2019unit\u00e9s murales et d\u2019armoires confortables. La deuxi\u00e8me salle de bains comprend un lavabo, des \u00e9tag\u00e8res, un miroir, des toilettes en c\u00e9ramique et une cabine de douche. Les animaux ne sont pas admis dans les locaux.<\/p>\n<\/div><div class=\"fusion-sep-clear\"><\/div><div class=\"fusion-separator fusion-full-width-sep\" style=\"margin-left: auto;margin-right: auto;margin-top:20px;width:100%;\"><\/div><div class=\"fusion-sep-clear\"><\/div><div class=\"fusion-clearfix\"><\/div><\/div><\/div><\/div><\/div><div class=\"fusion-fullwidth fullwidth-box fusion-builder-row-4 nonhundred-percent-fullwidth non-hundred-percent-height-scrolling\" style=\"--awb-border-radius-top-left:0px;--awb-border-radius-top-right:0px;--awb-border-radius-bottom-right:0px;--awb-border-radius-bottom-left:0px;--awb-padding-bottom:40px;--awb-flex-wrap:wrap;\" ><div class=\"fusion-builder-row fusion-row\"><div class=\"fusion-layout-column fusion_builder_column fusion-builder-column-3 fusion_builder_column_1_1 1_1 fusion-one-full fusion-column-first fusion-column-last fusion-column-no-min-height\" style=\"--awb-bg-size:cover;\"><div class=\"fusion-column-wrapper fusion-column-has-shadow fusion-flex-column-wrapper-legacy\"><div class=\"awb-gallery-wrapper awb-gallery-wrapper-2 button-span-no\"><div style=\"margin:-5px;--awb-bordersize:0px;\" class=\"fusion-gallery fusion-gallery-container fusion-grid-3 fusion-columns-total-6 fusion-gallery-layout-masonry fusion-gallery-2\"><div class=\"fusion-grid-column fusion-gallery-column fusion-gallery-column-3 hover-type-none fusion-element-landscape fusion-grid-sizer\"><\/div><div style=\"padding:5px;\" class=\"fusion-grid-column fusion-gallery-column fusion-gallery-column-3 hover-type-none fusion-element-grid\"><div class=\"fusion-gallery-image\"><a href=\"https:\/\/campinglagodimonate.it\/wp-content\/uploads\/2022\/01\/casa-mobile-monate-4.jpeg\" rel=\"noreferrer\" data-rel=\"iLightbox[gallery_image_2]\" class=\"fusion-lightbox\" target=\"_self\"><div style=\"background-image:url(https:\/\/campinglagodimonate.it\/wp-content\/uploads\/2022\/01\/casa-mobile-monate-4.jpeg);padding-top:calc((100% + 10px) * 0.8 - 5px);background-position:;\" class=\"fusion-masonry-element-container\"><img decoding=\"async\" src=\"https:\/\/campinglagodimonate.it\/wp-content\/uploads\/2022\/01\/casa-mobile-monate-4.jpeg\" width=\"1600\" height=\"1068\" alt=\"\" title=\"casa mobile monate 4\" aria-label=\"casa mobile monate 4\" class=\"img-responsive wp-image-2953\" srcset=\"https:\/\/campinglagodimonate.it\/wp-content\/uploads\/2022\/01\/casa-mobile-monate-4-200x134.jpeg 200w, https:\/\/campinglagodimonate.it\/wp-content\/uploads\/2022\/01\/casa-mobile-monate-4-400x267.jpeg 400w, https:\/\/campinglagodimonate.it\/wp-content\/uploads\/2022\/01\/casa-mobile-monate-4-600x401.jpeg 600w, https:\/\/campinglagodimonate.it\/wp-content\/uploads\/2022\/01\/casa-mobile-monate-4-800x534.jpeg 800w, https:\/\/campinglagodimonate.it\/wp-content\/uploads\/2022\/01\/casa-mobile-monate-4-1200x801.jpeg 1200w, https:\/\/campinglagodimonate.it\/wp-content\/uploads\/2022\/01\/casa-mobile-monate-4.jpeg 1600w\" sizes=\"(min-width: 2200px) 100vw, (min-width: 1129px) 387px, (min-width: 1037px) 580px, (min-width: 945px) 1037px, \" \/><\/div><\/a><\/div><\/div><div style=\"padding:5px;\" class=\"fusion-grid-column fusion-gallery-column fusion-gallery-column-3 hover-type-none fusion-element-grid\"><div class=\"fusion-gallery-image\"><a href=\"https:\/\/campinglagodimonate.it\/wp-content\/uploads\/2022\/01\/casa-mobile-monate-5.jpeg\" rel=\"noreferrer\" data-rel=\"iLightbox[gallery_image_2]\" class=\"fusion-lightbox\" target=\"_self\"><div style=\"background-image:url(https:\/\/campinglagodimonate.it\/wp-content\/uploads\/2022\/01\/casa-mobile-monate-5.jpeg);padding-top:calc((100% + 10px) * 0.8 - 5px);background-position:;\" class=\"fusion-masonry-element-container\"><img decoding=\"async\" src=\"https:\/\/campinglagodimonate.it\/wp-content\/uploads\/2022\/01\/casa-mobile-monate-5.jpeg\" width=\"1600\" height=\"1068\" alt=\"\" title=\"casa mobile monate 5\" aria-label=\"casa mobile monate 5\" class=\"img-responsive wp-image-2956\" srcset=\"https:\/\/campinglagodimonate.it\/wp-content\/uploads\/2022\/01\/casa-mobile-monate-5-200x134.jpeg 200w, https:\/\/campinglagodimonate.it\/wp-content\/uploads\/2022\/01\/casa-mobile-monate-5-400x267.jpeg 400w, https:\/\/campinglagodimonate.it\/wp-content\/uploads\/2022\/01\/casa-mobile-monate-5-600x401.jpeg 600w, https:\/\/campinglagodimonate.it\/wp-content\/uploads\/2022\/01\/casa-mobile-monate-5-800x534.jpeg 800w, https:\/\/campinglagodimonate.it\/wp-content\/uploads\/2022\/01\/casa-mobile-monate-5-1200x801.jpeg 1200w, https:\/\/campinglagodimonate.it\/wp-content\/uploads\/2022\/01\/casa-mobile-monate-5.jpeg 1600w\" sizes=\"(min-width: 2200px) 100vw, (min-width: 1129px) 387px, (min-width: 1037px) 580px, (min-width: 945px) 1037px, \" \/><\/div><\/a><\/div><\/div><div style=\"padding:5px;\" class=\"fusion-grid-column fusion-gallery-column fusion-gallery-column-3 hover-type-none fusion-element-grid\"><div class=\"fusion-gallery-image\"><a href=\"https:\/\/campinglagodimonate.it\/wp-content\/uploads\/2022\/01\/casa-mobile-monate-3.jpeg\" rel=\"noreferrer\" data-rel=\"iLightbox[gallery_image_2]\" class=\"fusion-lightbox\" target=\"_self\"><div style=\"background-image:url(https:\/\/campinglagodimonate.it\/wp-content\/uploads\/2022\/01\/casa-mobile-monate-3.jpeg);padding-top:calc((100% + 10px) * 0.8 - 5px);background-position:;\" class=\"fusion-masonry-element-container\"><img decoding=\"async\" src=\"https:\/\/campinglagodimonate.it\/wp-content\/uploads\/2022\/01\/casa-mobile-monate-3.jpeg\" width=\"1600\" height=\"1068\" alt=\"\" title=\"casa mobile monate 3\" aria-label=\"casa mobile monate 3\" class=\"img-responsive wp-image-2950\" srcset=\"https:\/\/campinglagodimonate.it\/wp-content\/uploads\/2022\/01\/casa-mobile-monate-3-200x134.jpeg 200w, https:\/\/campinglagodimonate.it\/wp-content\/uploads\/2022\/01\/casa-mobile-monate-3-400x267.jpeg 400w, https:\/\/campinglagodimonate.it\/wp-content\/uploads\/2022\/01\/casa-mobile-monate-3-600x401.jpeg 600w, https:\/\/campinglagodimonate.it\/wp-content\/uploads\/2022\/01\/casa-mobile-monate-3-800x534.jpeg 800w, https:\/\/campinglagodimonate.it\/wp-content\/uploads\/2022\/01\/casa-mobile-monate-3-1200x801.jpeg 1200w, https:\/\/campinglagodimonate.it\/wp-content\/uploads\/2022\/01\/casa-mobile-monate-3.jpeg 1600w\" sizes=\"(min-width: 2200px) 100vw, (min-width: 1129px) 387px, (min-width: 1037px) 580px, (min-width: 945px) 1037px, \" \/><\/div><\/a><\/div><\/div><div style=\"padding:5px;\" class=\"fusion-grid-column fusion-gallery-column fusion-gallery-column-3 hover-type-none fusion-element-grid\"><div class=\"fusion-gallery-image\"><a href=\"https:\/\/campinglagodimonate.it\/wp-content\/uploads\/2022\/01\/casa-mobile-monate-2.jpeg\" rel=\"noreferrer\" data-rel=\"iLightbox[gallery_image_2]\" class=\"fusion-lightbox\" target=\"_self\"><div style=\"background-image:url(https:\/\/campinglagodimonate.it\/wp-content\/uploads\/2022\/01\/casa-mobile-monate-2.jpeg);padding-top:calc((100% + 10px) * 0.8 - 5px);background-position:;\" class=\"fusion-masonry-element-container\"><img decoding=\"async\" src=\"https:\/\/campinglagodimonate.it\/wp-content\/uploads\/2022\/01\/casa-mobile-monate-2.jpeg\" width=\"1600\" height=\"1068\" alt=\"\" title=\"casa mobile monate 2\" aria-label=\"casa mobile monate 2\" class=\"img-responsive wp-image-2947\" srcset=\"https:\/\/campinglagodimonate.it\/wp-content\/uploads\/2022\/01\/casa-mobile-monate-2-200x134.jpeg 200w, https:\/\/campinglagodimonate.it\/wp-content\/uploads\/2022\/01\/casa-mobile-monate-2-400x267.jpeg 400w, https:\/\/campinglagodimonate.it\/wp-content\/uploads\/2022\/01\/casa-mobile-monate-2-600x401.jpeg 600w, https:\/\/campinglagodimonate.it\/wp-content\/uploads\/2022\/01\/casa-mobile-monate-2-800x534.jpeg 800w, https:\/\/campinglagodimonate.it\/wp-content\/uploads\/2022\/01\/casa-mobile-monate-2-1200x801.jpeg 1200w, https:\/\/campinglagodimonate.it\/wp-content\/uploads\/2022\/01\/casa-mobile-monate-2.jpeg 1600w\" sizes=\"(min-width: 2200px) 100vw, (min-width: 1129px) 387px, (min-width: 1037px) 580px, (min-width: 945px) 1037px, \" \/><\/div><\/a><\/div><\/div><div style=\"padding:5px;\" class=\"fusion-grid-column fusion-gallery-column fusion-gallery-column-3 hover-type-none fusion-element-landscape fusion-element-portrait\"><div class=\"fusion-gallery-image\"><a href=\"https:\/\/campinglagodimonate.it\/wp-content\/uploads\/2022\/01\/casa-mobile-monate-7.jpeg\" rel=\"noreferrer\" data-rel=\"iLightbox[gallery_image_2]\" class=\"fusion-lightbox\" target=\"_self\"><div style=\"background-image:url(https:\/\/campinglagodimonate.it\/wp-content\/uploads\/2022\/01\/casa-mobile-monate-7.jpeg);padding-top:calc((100% + 10px) * 0.8);background-position:;\" class=\"fusion-masonry-element-container\"><img decoding=\"async\" src=\"https:\/\/campinglagodimonate.it\/wp-content\/uploads\/2022\/01\/casa-mobile-monate-7.jpeg\" width=\"2048\" height=\"1366\" alt=\"\" title=\"casa mobile monate 7\" aria-label=\"casa mobile monate 7\" class=\"img-responsive wp-image-2962\" srcset=\"https:\/\/campinglagodimonate.it\/wp-content\/uploads\/2022\/01\/casa-mobile-monate-7-200x133.jpeg 200w, https:\/\/campinglagodimonate.it\/wp-content\/uploads\/2022\/01\/casa-mobile-monate-7-400x267.jpeg 400w, https:\/\/campinglagodimonate.it\/wp-content\/uploads\/2022\/01\/casa-mobile-monate-7-600x400.jpeg 600w, https:\/\/campinglagodimonate.it\/wp-content\/uploads\/2022\/01\/casa-mobile-monate-7-800x534.jpeg 800w, https:\/\/campinglagodimonate.it\/wp-content\/uploads\/2022\/01\/casa-mobile-monate-7-1200x800.jpeg 1200w, https:\/\/campinglagodimonate.it\/wp-content\/uploads\/2022\/01\/casa-mobile-monate-7.jpeg 2048w\" sizes=\"(min-width: 2200px) 100vw, (min-width: 945px) 1170px, \" \/><\/div><\/a><\/div><\/div><div style=\"padding:5px;\" class=\"fusion-grid-column fusion-gallery-column fusion-gallery-column-3 hover-type-none fusion-element-grid\"><div class=\"fusion-gallery-image\"><a href=\"https:\/\/campinglagodimonate.it\/wp-content\/uploads\/2022\/01\/casa-mobile-monate-6.jpeg\" rel=\"noreferrer\" data-rel=\"iLightbox[gallery_image_2]\" class=\"fusion-lightbox\" target=\"_self\"><div style=\"background-image:url(https:\/\/campinglagodimonate.it\/wp-content\/uploads\/2022\/01\/casa-mobile-monate-6.jpeg);padding-top:calc((100% + 10px) * 0.8 - 5px);background-position:;\" class=\"fusion-masonry-element-container\"><img decoding=\"async\" src=\"https:\/\/campinglagodimonate.it\/wp-content\/uploads\/2022\/01\/casa-mobile-monate-6.jpeg\" width=\"1600\" height=\"1068\" alt=\"\" title=\"casa mobile monate 6\" aria-label=\"casa mobile monate 6\" class=\"img-responsive wp-image-2959\" srcset=\"https:\/\/campinglagodimonate.it\/wp-content\/uploads\/2022\/01\/casa-mobile-monate-6-200x134.jpeg 200w, https:\/\/campinglagodimonate.it\/wp-content\/uploads\/2022\/01\/casa-mobile-monate-6-400x267.jpeg 400w, https:\/\/campinglagodimonate.it\/wp-content\/uploads\/2022\/01\/casa-mobile-monate-6-600x401.jpeg 600w, https:\/\/campinglagodimonate.it\/wp-content\/uploads\/2022\/01\/casa-mobile-monate-6-800x534.jpeg 800w, https:\/\/campinglagodimonate.it\/wp-content\/uploads\/2022\/01\/casa-mobile-monate-6-1200x801.jpeg 1200w, https:\/\/campinglagodimonate.it\/wp-content\/uploads\/2022\/01\/casa-mobile-monate-6.jpeg 1600w\" sizes=\"(min-width: 2200px) 100vw, (min-width: 1129px) 387px, (min-width: 1037px) 580px, (min-width: 945px) 1037px, \" \/><\/div><\/a><\/div><\/div><\/div><\/div><div class=\"fusion-clearfix\"><\/div><\/div><\/div><\/div><\/div><\/p>\n","protected":false},"excerpt":{"rendered":"","protected":false},"author":1,"featured_media":0,"parent":0,"menu_order":0,"comment_status":"open","ping_status":"closed","template":"100-width.php","meta":{"footnotes":""},"class_list":["post-3293","page","type-page","status-publish","hentry"],"_links":{"self":[{"href":"https:\/\/campinglagodimonate.it\/fr\/wp-json\/wp\/v2\/pages\/3293","targetHints":{"allow":["GET"]}}],"collection":[{"href":"https:\/\/campinglagodimonate.it\/fr\/wp-json\/wp\/v2\/pages"}],"about":[{"href":"https:\/\/campinglagodimonate.it\/fr\/wp-json\/wp\/v2\/types\/page"}],"author":[{"embeddable":true,"href":"https:\/\/campinglagodimonate.it\/fr\/wp-json\/wp\/v2\/users\/1"}],"replies":[{"embeddable":true,"href":"https:\/\/campinglagodimonate.it\/fr\/wp-json\/wp\/v2\/comments?post=3293"}],"version-history":[{"count":10,"href":"https:\/\/campinglagodimonate.it\/fr\/wp-json\/wp\/v2\/pages\/3293\/revisions"}],"predecessor-version":[{"id":4718,"href":"https:\/\/campinglagodimonate.it\/fr\/wp-json\/wp\/v2\/pages\/3293\/revisions\/4718"}],"wp:attachment":[{"href":"https:\/\/campinglagodimonate.it\/fr\/wp-json\/wp\/v2\/media?parent=3293"}],"curies":[{"name":"wp","href":"https:\/\/api.w.org\/{rel}","templated":true}]}}