{"id":3263,"date":"2020-01-17T23:39:40","date_gmt":"2020-01-17T23:39:40","guid":{"rendered":"https:\/\/campinglagodimonate.it\/tableau-daffichage\/"},"modified":"2025-04-13T20:20:52","modified_gmt":"2025-04-13T20:20:52","slug":"activites-services","status":"publish","type":"page","link":"https:\/\/campinglagodimonate.it\/fr\/activites-services\/","title":{"rendered":"ACTIVIT\u00c9S &#038; SERVICES"},"content":{"rendered":"<div class=\"fusion-fullwidth fullwidth-box fusion-builder-row-1 nonhundred-percent-fullwidth non-hundred-percent-height-scrolling\" style=\"--awb-background-position:left top;--awb-border-sizes-top:0px;--awb-border-sizes-bottom:0px;--awb-border-sizes-left:0px;--awb-border-sizes-right:0px;--awb-border-radius-top-left:0px;--awb-border-radius-top-right:0px;--awb-border-radius-bottom-right:0px;--awb-border-radius-bottom-left:0px;--awb-padding-top:20px;--awb-padding-bottom:95px;--awb-flex-wrap:wrap;\" ><div class=\"fusion-builder-row fusion-row\"><div class=\"fusion-layout-column fusion_builder_column fusion-builder-column-0 fusion_builder_column_1_1 1_1 fusion-one-full fusion-column-first fusion-column-last fusion-column-no-min-height\" style=\"--awb-bg-size:cover;--awb-margin-bottom:0px;\"><div class=\"fusion-column-wrapper fusion-flex-column-wrapper-legacy\"><div class=\"fusion-blog-shortcode fusion-blog-shortcode-1 fusion-blog-archive fusion-blog-layout-grid-wrapper fusion-blog-infinite fusion-blog-layout-center\"><style type=\"text\/css\">.fusion-blog-shortcode-1 .fusion-blog-layout-grid .fusion-post-grid{padding:20px;}.fusion-blog-shortcode-1 .fusion-posts-container{margin-left: -20px !important; margin-right:-20px !important;}<\/style><div class=\"fusion-posts-container fusion-posts-container-infinite fusion-blog-rollover fusion-blog-layout-grid fusion-blog-layout-grid-3 isotope\" data-pages=\"1\" data-grid-col-space=\"40\" style=\"margin: -20px -20px 0;min-height:500px;\"><article id=\"blog-1-post-4461\" class=\"fusion-post-grid post-4461 post type-post status-publish format-standard has-post-thumbnail hentry category-services-fr\">\n<div class=\"fusion-post-wrapper\" style=\"background-color:rgba(255,255,255,0);border:1px solid #ebeaea;border-bottom-width:3px;\">\n\n\t\t\t<div class=\"fusion-flexslider flexslider fusion-flexslider-loading fusion-post-slideshow\" style=\"border-color:#ebeaea;\">\n\t\t<ul class=\"slides\">\n\t\t\t\n\t\t\t\t\t\t\t\t\t\t\t\t\t\t<li><div  class=\"fusion-image-wrapper\" aria-haspopup=\"true\">\n\t\t\t\t<img decoding=\"async\" width=\"600\" height=\"400\" src=\"https:\/\/campinglagodimonate.it\/wp-content\/uploads\/2025\/03\/attivita-esterne.jpg\" class=\"attachment-full size-full wp-post-image\" alt=\"\" srcset=\"https:\/\/campinglagodimonate.it\/wp-content\/uploads\/2025\/03\/attivita-esterne-200x133.jpg 200w, https:\/\/campinglagodimonate.it\/wp-content\/uploads\/2025\/03\/attivita-esterne-400x267.jpg 400w, https:\/\/campinglagodimonate.it\/wp-content\/uploads\/2025\/03\/attivita-esterne.jpg 600w\" sizes=\"(min-width: 2200px) 100vw, (min-width: 1129px) 363px, (min-width: 1037px) 545px, (min-width: 945px) 1037px, \" \/><div class=\"fusion-rollover\">\n\t<div class=\"fusion-rollover-content\">\n\n\t\t\t\t\t\t\t\t\t\t\n\t\t\t\t\t\t\t\t\t\t\t\t\t\t\n\t\t\t\t\t\t\t\t\n\t\t\t\t\t\t\t\t\n\t\t\t\t\t\t\t\t\t\t\t\t\t\t\t\t\t\t<a class=\"fusion-rollover-gallery\" href=\"https:\/\/campinglagodimonate.it\/wp-content\/uploads\/2025\/03\/attivita-esterne.jpg\" data-options=\"\" data-id=\"4461\" data-rel=\"iLightbox[gallery]\" data-title=\"attivita-esterne\" data-caption=\"\">\n\t\t\t\t\t\tGallery\t\t\t\t\t<\/a>\n\t\t\t\t\t\t\t\t\t\t\t\t\t\t\n\t\t\n\t\t\t\t\t\t\t\t\n\t\t\t\t\t\t\t\t\n\t\t\n\t\t\t\t\t\t<a class=\"fusion-link-wrapper\" href=\"https:\/\/campinglagodimonate.it\/fr\/activites-externes-sur-rendez-vous\/\" aria-label=\"Activit\u00e9s externes sur rendez-vous\"><\/a>\n\t<\/div>\n<\/div>\n<\/div>\n<\/li>\n\t\t\t\n\t\t\t\n\t\t\t\t\t\t\t\t\t\t\t\t\t\t\t\t\t\t\t\t\t\t\t\t\t\t\t\t\t\t\t\t\t\t\t\t\t\t\t\t\t\t\t\t\t\t\t\t\t\t\t\t\t\t\t\t\t\t\t\t\t\t\t\t\t\t\t\t<\/ul>\n\t<\/div>\n\t<div class=\"fusion-post-content-wrapper\" style=\"padding:30px 25px 20px 25px;\"><div class=\"fusion-post-content post-content\"><h2 class=\"blog-shortcode-post-title entry-title\">Activit\u00e9s externes sur rendez-vous<\/h2><div class=\"fusion-content-sep sep-double sep-solid\"><\/div><div class=\"fusion-post-content-container\"><p>Activit\u00e9s externes sur rendez-vous   <\/p>\n<ul>\n<li aria-level=\"1\"><a href=\"https:\/\/www.instagram.com\/spazioyoga_besozzo\/\" target=\"_blank\" rel=\"noopener\"><b>YOGA &amp; MEDITATION<\/b><\/a><\/li>\n<\/ul>\n<ul>\n<li aria-level=\"1\"><b><a href=\"http:\/\/www.instagram.com\/lucamoronimountainguide\" target=\"_blank\" rel=\"noopener\">CLIFF CLIMBING<\/a>\u00a0<\/b><\/li>\n<\/ul>\n<ul>\n<li aria-level=\"1\"><a href=\"https:\/\/pollolake.it\/\"><b>EXCURSIONS EN KAYAK OU SUP SUR LE LAC MAJEUR\u00a0<\/b><\/a><\/li>\n<\/ul>\n<\/div><\/div><div class=\"fusion-meta-info\"><div class=\"fusion-aligncenter\"><a class=\"fusion-read-more\" href=\"https:\/\/campinglagodimonate.it\/fr\/activites-externes-sur-rendez-vous\/\" aria-label=\"More on Activit\u00e9s externes sur rendez-vous\">Read More<\/a><\/div><\/div><\/div><div class=\"fusion-clearfix\"><\/div><\/div>\n<\/article>\n<article id=\"blog-1-post-3324\" class=\"fusion-post-grid post-3324 post type-post status-publish format-standard has-post-thumbnail hentry category-services-fr\">\n<div class=\"fusion-post-wrapper\" style=\"background-color:rgba(255,255,255,0);border:1px solid #ebeaea;border-bottom-width:3px;\">\n\n\t\t\t<div class=\"fusion-flexslider flexslider fusion-flexslider-loading fusion-post-slideshow\" style=\"border-color:#ebeaea;\">\n\t\t<ul class=\"slides\">\n\t\t\t\n\t\t\t\t\t\t\t\t\t\t\t\t\t\t<li><div  class=\"fusion-image-wrapper\" aria-haspopup=\"true\">\n\t\t\t\t<img decoding=\"async\" width=\"600\" height=\"400\" src=\"https:\/\/campinglagodimonate.it\/wp-content\/uploads\/2021\/11\/noleggio-kayak.jpg\" class=\"attachment-full size-full wp-post-image\" alt=\"\" srcset=\"https:\/\/campinglagodimonate.it\/wp-content\/uploads\/2021\/11\/noleggio-kayak-200x133.jpg 200w, https:\/\/campinglagodimonate.it\/wp-content\/uploads\/2021\/11\/noleggio-kayak-400x267.jpg 400w, https:\/\/campinglagodimonate.it\/wp-content\/uploads\/2021\/11\/noleggio-kayak.jpg 600w\" sizes=\"(min-width: 2200px) 100vw, (min-width: 1129px) 363px, (min-width: 1037px) 545px, (min-width: 945px) 1037px, \" \/><div class=\"fusion-rollover\">\n\t<div class=\"fusion-rollover-content\">\n\n\t\t\t\t\t\t\t\t\t\t\n\t\t\t\t\t\t\t\t\t\t\t\t\t\t\n\t\t\t\t\t\t\t\t\n\t\t\t\t\t\t\t\t\n\t\t\t\t\t\t\t\t\t\t\t\t\t\t\t\t\t\t<a class=\"fusion-rollover-gallery\" href=\"https:\/\/campinglagodimonate.it\/wp-content\/uploads\/2021\/11\/noleggio-kayak.jpg\" data-options=\"\" data-id=\"3324\" data-rel=\"iLightbox[gallery]\" data-title=\"noleggio-kayak\" data-caption=\"\">\n\t\t\t\t\t\tGallery\t\t\t\t\t<\/a>\n\t\t\t\t\t\t\t\t\t\t\t\t\t\t\n\t\t\n\t\t\t\t\t\t\t\t\n\t\t\t\t\t\t\t\t\n\t\t\n\t\t\t\t\t\t<a class=\"fusion-link-wrapper\" href=\"https:\/\/campinglagodimonate.it\/fr\/locations\/\" aria-label=\"Locations\"><\/a>\n\t<\/div>\n<\/div>\n<\/div>\n<\/li>\n\t\t\t\n\t\t\t\n\t\t\t\t\t\t\t\t\t\t\t\t\t\t\t\t\t\t\t\t\t\t\t\t\t\t\t\t\t\t\t\t\t\t\t\t\t\t\t\t\t\t\t\t\t\t\t\t\t\t\t\t\t\t\t\t\t\t\t\t\t\t\t\t\t\t\t\t<\/ul>\n\t<\/div>\n\t<div class=\"fusion-post-content-wrapper\" style=\"padding:30px 25px 20px 25px;\"><div class=\"fusion-post-content post-content\"><h2 class=\"blog-shortcode-post-title entry-title\">Locations<\/h2><div class=\"fusion-content-sep sep-double sep-solid\"><\/div><div class=\"fusion-post-content-container\"><p>Location du SUP &amp; Kayak   <\/p>\n<p class=\"p1\"><span class=\"s1\">Le Lac de Monate \u00e9tant un petit lac priv\u00e9, il ne dispose pas d\u2019une piste cyclo-pi\u00e9tonne permettant de le visiter enti\u00e8rement. <\/span><span class=\"s1\">La location d\u2019un cano\u00eb est la solution la plus [\u2026]<\/span><\/p>\n<\/div><\/div><div class=\"fusion-meta-info\"><div class=\"fusion-aligncenter\"><a class=\"fusion-read-more\" href=\"https:\/\/campinglagodimonate.it\/fr\/locations\/\" aria-label=\"More on Locations\">Read More<\/a><\/div><\/div><\/div><div class=\"fusion-clearfix\"><\/div><\/div>\n<\/article>\n<article id=\"blog-1-post-3327\" class=\"fusion-post-grid post-3327 post type-post status-publish format-standard has-post-thumbnail hentry category-services-fr\">\n<div class=\"fusion-post-wrapper\" style=\"background-color:rgba(255,255,255,0);border:1px solid #ebeaea;border-bottom-width:3px;\">\n\n\t\t\t<div class=\"fusion-flexslider flexslider fusion-flexslider-loading fusion-post-slideshow\" style=\"border-color:#ebeaea;\">\n\t\t<ul class=\"slides\">\n\t\t\t\n\t\t\t\t\t\t\t\t\t\t\t\t\t\t<li><div  class=\"fusion-image-wrapper\" aria-haspopup=\"true\">\n\t\t\t\t<img decoding=\"async\" width=\"600\" height=\"400\" src=\"https:\/\/campinglagodimonate.it\/wp-content\/uploads\/2015\/06\/depositi-sup.jpg\" class=\"attachment-full size-full wp-post-image\" alt=\"\" srcset=\"https:\/\/campinglagodimonate.it\/wp-content\/uploads\/2015\/06\/depositi-sup-200x133.jpg 200w, https:\/\/campinglagodimonate.it\/wp-content\/uploads\/2015\/06\/depositi-sup-400x267.jpg 400w, https:\/\/campinglagodimonate.it\/wp-content\/uploads\/2015\/06\/depositi-sup.jpg 600w\" sizes=\"(min-width: 2200px) 100vw, (min-width: 1129px) 363px, (min-width: 1037px) 545px, (min-width: 945px) 1037px, \" \/><div class=\"fusion-rollover\">\n\t<div class=\"fusion-rollover-content\">\n\n\t\t\t\t\t\t\t\t\t\t\n\t\t\t\t\t\t\t\t\t\t\t\t\t\t\n\t\t\t\t\t\t\t\t\n\t\t\t\t\t\t\t\t\n\t\t\t\t\t\t\t\t\t\t\t\t\t\t\t\t\t\t<a class=\"fusion-rollover-gallery\" href=\"https:\/\/campinglagodimonate.it\/wp-content\/uploads\/2015\/06\/depositi-sup.jpg\" data-options=\"\" data-id=\"3327\" data-rel=\"iLightbox[gallery]\" data-title=\"depositi-sup\" data-caption=\"\">\n\t\t\t\t\t\tGallery\t\t\t\t\t<\/a>\n\t\t\t\t\t\t\t\t\t\t\t\t\t\t\n\t\t\n\t\t\t\t\t\t\t\t\n\t\t\t\t\t\t\t\t\n\t\t\n\t\t\t\t\t\t<a class=\"fusion-link-wrapper\" href=\"https:\/\/campinglagodimonate.it\/fr\/stockage-de-sup-et-canoe\/\" aria-label=\"Stockage de SUP et cano\u00eb\"><\/a>\n\t<\/div>\n<\/div>\n<\/div>\n<\/li>\n\t\t\t\n\t\t\t\n\t\t\t\t\t\t\t\t\t\t\t\t\t\t\t\t\t\t\t\t\t\t\t\t\t\t\t\t\t\t\t\t\t\t\t\t\t\t\t\t\t\t\t\t\t\t\t\t\t\t\t\t\t\t\t\t\t\t\t\t\t\t\t\t\t\t\t\t<\/ul>\n\t<\/div>\n\t<div class=\"fusion-post-content-wrapper\" style=\"padding:30px 25px 20px 25px;\"><div class=\"fusion-post-content post-content\"><h2 class=\"blog-shortcode-post-title entry-title\">Stockage de SUP et cano\u00eb<\/h2><div class=\"fusion-content-sep sep-double sep-solid\"><\/div><div class=\"fusion-post-content-container\"><p>Depositi SUP e kayak   <\/p>\n<p class=\"p1\"><span class=\"s1\">Le camping propose un service de stockage sur des supports sp\u00e9ciaux sur\u00e9lev\u00e9s par rapport au sol pour les SUP ou les kayaks, en toute s\u00e9curit\u00e9.  <br><\/span><span class=\"s1\">Nous ne fournissons pas d\u2019espace [\u2026]<\/span><\/p>\n<\/div><\/div><div class=\"fusion-meta-info\"><div class=\"fusion-aligncenter\"><a class=\"fusion-read-more\" href=\"https:\/\/campinglagodimonate.it\/fr\/stockage-de-sup-et-canoe\/\" aria-label=\"More on Stockage de SUP et cano\u00eb\">Read More<\/a><\/div><\/div><\/div><div class=\"fusion-clearfix\"><\/div><\/div>\n<\/article>\n<div class=\"fusion-clearfix\"><\/div><\/div><\/div><div class=\"fusion-clearfix\"><\/div><\/div><\/div><\/div><\/div>\n","protected":false},"excerpt":{"rendered":"","protected":false},"author":1,"featured_media":0,"parent":0,"menu_order":0,"comment_status":"open","ping_status":"open","template":"100-width.php","meta":{"footnotes":""},"class_list":["post-3263","page","type-page","status-publish","hentry"],"_links":{"self":[{"href":"https:\/\/campinglagodimonate.it\/fr\/wp-json\/wp\/v2\/pages\/3263","targetHints":{"allow":["GET"]}}],"collection":[{"href":"https:\/\/campinglagodimonate.it\/fr\/wp-json\/wp\/v2\/pages"}],"about":[{"href":"https:\/\/campinglagodimonate.it\/fr\/wp-json\/wp\/v2\/types\/page"}],"author":[{"embeddable":true,"href":"https:\/\/campinglagodimonate.it\/fr\/wp-json\/wp\/v2\/users\/1"}],"replies":[{"embeddable":true,"href":"https:\/\/campinglagodimonate.it\/fr\/wp-json\/wp\/v2\/comments?post=3263"}],"version-history":[{"count":3,"href":"https:\/\/campinglagodimonate.it\/fr\/wp-json\/wp\/v2\/pages\/3263\/revisions"}],"predecessor-version":[{"id":4691,"href":"https:\/\/campinglagodimonate.it\/fr\/wp-json\/wp\/v2\/pages\/3263\/revisions\/4691"}],"wp:attachment":[{"href":"https:\/\/campinglagodimonate.it\/fr\/wp-json\/wp\/v2\/media?parent=3263"}],"curies":[{"name":"wp","href":"https:\/\/api.w.org\/{rel}","templated":true}]}}