{"id":3386,"date":"2022-01-16T22:16:33","date_gmt":"2022-01-16T22:16:33","guid":{"rendered":"https:\/\/campinglagodimonate.it\/mobilheim\/"},"modified":"2026-04-21T14:48:06","modified_gmt":"2026-04-21T14:48:06","slug":"mobilheim","status":"publish","type":"page","link":"https:\/\/campinglagodimonate.it\/de\/mobilheim\/","title":{"rendered":"Mobilheime"},"content":{"rendered":"<p><div class=\"fusion-fullwidth fullwidth-box fusion-builder-row-1 nonhundred-percent-fullwidth non-hundred-percent-height-scrolling\" style=\"--awb-background-position:left top;--awb-border-sizes-top:0px;--awb-border-sizes-bottom:0px;--awb-border-sizes-left:0px;--awb-border-sizes-right:0px;--awb-border-radius-top-left:0px;--awb-border-radius-top-right:0px;--awb-border-radius-bottom-right:0px;--awb-border-radius-bottom-left:0px;--awb-padding-top:0px;--awb-padding-bottom:0px;--awb-flex-wrap:wrap;\" ><div class=\"fusion-builder-row fusion-row\"><div class=\"fusion-layout-column fusion_builder_column fusion-builder-column-0 fusion_builder_column_1_1 1_1 fusion-one-full fusion-column-first fusion-column-last\" style=\"--awb-bg-position:right bottom;--awb-bg-size:cover;\"><div class=\"fusion-column-wrapper fusion-flex-column-wrapper-legacy\"><div class=\"fusion-text fusion-text-1\"><h1>Mobilheim Dotty<\/h1>\n<\/div><div class=\"fusion-sep-clear\"><\/div><div class=\"fusion-separator fusion-clearfix\" style=\"float:left;margin-top:0px;margin-bottom:20px;width:100%;max-width:50px;\"><div class=\"fusion-separator-border sep-single sep-solid\" style=\"--awb-height:20px;--awb-amount:20px;--awb-sep-color:#cbaa5c;border-color:#cbaa5c;border-top-width:1px;\"><\/div><\/div><div class=\"fusion-sep-clear\"><\/div><div class=\"fusion-text fusion-text-2\"><p><b>3-Zimmer-L\u00f6sung<\/b> (Doppelzimmer, 2 Zweibettzimmer) mit Kochnische, ausgestattet mit K\u00fcchenutensilien, Sp\u00fcle, K\u00fchlschrank, Gasherd, Decken und Kissen, 2 B\u00e4der mit Sanit\u00e4ranlagen und Warmwasserdusche, Klimaanlage, Holzterrasse mit Tisch und St\u00fchlen im Freien, reservierter Parkplatz. Es wird keine W\u00e4sche zur Verf\u00fcgung gestellt, sondern nur Einwegw\u00e4sche (auf Reservierung). Der Wohnbereich zeichnet sich durch helle R\u00e4ume aus, dank der gro\u00dfen franz\u00f6sischen Schiebet\u00fcren, die Zugang zur Terrasse mit Seeblick bieten. Der Schlafbereich verf\u00fcgt \u00fcber 3 Schlafzimmer: das Hauptschlafzimmer mit Doppelbett und Badezimmer mit Toilette und Waschbecken, und zwei Zweibettzimmer mit zwei Einzelbetten. Alle Zimmer sind mit H\u00e4ngeschr\u00e4nken und bequemen Kleiderschr\u00e4nken ausgestattet. Das zweite Badezimmer besteht aus einem Waschbecken, Regalen, Spiegel, einer Keramiktoilette und einer Duschkabine. Haustiere sind auf dem Gel\u00e4nde nicht erlaubt.<\/p>\n<\/div><div class=\"fusion-sep-clear\"><\/div><div class=\"fusion-separator fusion-full-width-sep\" style=\"margin-left: auto;margin-right: auto;margin-top:20px;width:100%;\"><\/div><div class=\"fusion-sep-clear\"><\/div><div class=\"fusion-clearfix\"><\/div><\/div><\/div><\/div><\/div><div class=\"fusion-fullwidth fullwidth-box fusion-builder-row-2 nonhundred-percent-fullwidth non-hundred-percent-height-scrolling\" style=\"--awb-border-radius-top-left:0px;--awb-border-radius-top-right:0px;--awb-border-radius-bottom-right:0px;--awb-border-radius-bottom-left:0px;--awb-padding-bottom:40px;--awb-flex-wrap:wrap;\" ><div class=\"fusion-builder-row fusion-row\"><div class=\"fusion-layout-column fusion_builder_column fusion-builder-column-1 fusion_builder_column_1_1 1_1 fusion-one-full fusion-column-first fusion-column-last fusion-column-no-min-height\" style=\"--awb-bg-size:cover;\"><div class=\"fusion-column-wrapper fusion-column-has-shadow fusion-flex-column-wrapper-legacy\"><div class=\"awb-gallery-wrapper awb-gallery-wrapper-1 button-span-no\" style=\"--more-btn-alignment:center;\"><div style=\"margin:-5px;--awb-bordersize:0px;\" class=\"fusion-gallery fusion-gallery-container fusion-grid-3 fusion-columns-total-1 fusion-gallery-layout-masonry fusion-gallery-1\"><div class=\"fusion-grid-column fusion-gallery-column fusion-gallery-column-3 hover-type-none fusion-grid-sizer\"><\/div><div style=\"padding:5px;\" class=\"fusion-grid-column fusion-gallery-column fusion-gallery-column-3 hover-type-none fusion-element-landscape\"><div class=\"fusion-gallery-image\"><a href=\"https:\/\/campinglagodimonate.it\/wp-content\/uploads\/2024\/02\/6-mobile-home-231129-42609372-8.jpeg\" rel=\"noreferrer\" data-rel=\"iLightbox[gallery_image_1]\" class=\"fusion-lightbox\" target=\"_self\"><div style=\"background-image:url(https:\/\/campinglagodimonate.it\/wp-content\/uploads\/2024\/02\/6-mobile-home-231129-42609372-8.jpeg);padding-top:calc((100% + 10px) * 0.4 - 5px);background-position:;\" class=\"fusion-masonry-element-container\"><img decoding=\"async\" src=\"https:\/\/campinglagodimonate.it\/wp-content\/uploads\/2024\/02\/6-mobile-home-231129-42609372-8.jpeg\" width=\"640\" height=\"400\" alt=\"\" title=\"6-mobile-home-231129-42609372-8\" aria-label=\"6-mobile-home-231129-42609372-8\" class=\"img-responsive wp-image-4183\" srcset=\"https:\/\/campinglagodimonate.it\/wp-content\/uploads\/2024\/02\/6-mobile-home-231129-42609372-8-200x125.jpeg 200w, https:\/\/campinglagodimonate.it\/wp-content\/uploads\/2024\/02\/6-mobile-home-231129-42609372-8-400x250.jpeg 400w, https:\/\/campinglagodimonate.it\/wp-content\/uploads\/2024\/02\/6-mobile-home-231129-42609372-8-600x375.jpeg 600w, https:\/\/campinglagodimonate.it\/wp-content\/uploads\/2024\/02\/6-mobile-home-231129-42609372-8.jpeg 640w\" sizes=\"(min-width: 2200px) 100vw, (min-width: 945px) 1170px, \" \/><\/div><\/a><\/div><\/div><\/div><\/div><div class=\"fusion-clearfix\"><\/div><\/div><\/div><\/div><\/div><div class=\"fusion-fullwidth fullwidth-box fusion-builder-row-3 nonhundred-percent-fullwidth non-hundred-percent-height-scrolling\" style=\"--awb-background-position:left top;--awb-border-sizes-top:0px;--awb-border-sizes-bottom:0px;--awb-border-sizes-left:0px;--awb-border-sizes-right:0px;--awb-border-radius-top-left:0px;--awb-border-radius-top-right:0px;--awb-border-radius-bottom-right:0px;--awb-border-radius-bottom-left:0px;--awb-padding-top:0px;--awb-padding-bottom:0px;--awb-flex-wrap:wrap;\" ><div class=\"fusion-builder-row fusion-row\"><div class=\"fusion-layout-column fusion_builder_column fusion-builder-column-2 fusion_builder_column_1_1 1_1 fusion-one-full fusion-column-first fusion-column-last\" style=\"--awb-bg-position:right bottom;--awb-bg-size:cover;\"><div class=\"fusion-column-wrapper fusion-flex-column-wrapper-legacy\"><div class=\"fusion-text fusion-text-3\"><h1>Mobilheim Amelia<\/h1>\n<\/div><div class=\"fusion-sep-clear\"><\/div><div class=\"fusion-separator fusion-clearfix\" style=\"float:left;margin-top:0px;margin-bottom:20px;width:100%;max-width:50px;\"><div class=\"fusion-separator-border sep-single sep-solid\" style=\"--awb-height:20px;--awb-amount:20px;--awb-sep-color:#cbaa5c;border-color:#cbaa5c;border-top-width:1px;\"><\/div><\/div><div class=\"fusion-sep-clear\"><\/div><div class=\"fusion-text fusion-text-4\"><p><b>2-Schlafzimmer-L\u00f6sung<\/b> (Doppelzimmer, 1 Zweibettzimmer) mit Kochnische, ausgestattet mit K\u00fcchenutensilien, Sp\u00fcle, K\u00fchlschrank, Gasherd, Decken und Kissen, 2 B\u00e4der mit Sanit\u00e4ranlagen und Warmwasserdusche, Klimaanlage, Holzterrasse mit Tisch und St\u00fchlen im Freien, reservierter Parkplatz. Es wird keine W\u00e4sche zur Verf\u00fcgung gestellt, sondern nur Einwegw\u00e4sche (auf Reservierung). Der Wohnbereich zeichnet sich durch helle R\u00e4ume aus, dank der gro\u00dfen franz\u00f6sischen Schiebet\u00fcren, die Zugang zur Terrasse mit Seeblick bieten.<br \/>\nIm Wohnzimmer finden Sie ein franz\u00f6sisches Schlafsofa, einen Tisch und St\u00fchle.<br \/>\nDer Schlafbereich besteht aus 2 Schlafzimmern: das Hauptschlafzimmer hat ein Doppelbett und ein Badezimmer mit Toilette und Waschbecken, und 1 Zweibettzimmer mit zwei Einzelbetten. Alle Zimmer sind mit H\u00e4ngeschr\u00e4nken und bequemen Kleiderschr\u00e4nken ausgestattet. Das zweite Badezimmer besteht aus einem Waschbecken, Regalen, Spiegel, einer Keramiktoilette und einer Duschkabine. Haustiere sind auf dem Gel\u00e4nde nicht erlaubt.<\/p>\n<\/div><div class=\"fusion-sep-clear\"><\/div><div class=\"fusion-separator fusion-full-width-sep\" style=\"margin-left: auto;margin-right: auto;margin-top:20px;width:100%;\"><\/div><div class=\"fusion-sep-clear\"><\/div><div class=\"fusion-clearfix\"><\/div><\/div><\/div><\/div><\/div><div class=\"fusion-fullwidth fullwidth-box fusion-builder-row-4 nonhundred-percent-fullwidth non-hundred-percent-height-scrolling\" style=\"--awb-border-radius-top-left:0px;--awb-border-radius-top-right:0px;--awb-border-radius-bottom-right:0px;--awb-border-radius-bottom-left:0px;--awb-padding-bottom:40px;--awb-flex-wrap:wrap;\" ><div class=\"fusion-builder-row fusion-row\"><div class=\"fusion-layout-column fusion_builder_column fusion-builder-column-3 fusion_builder_column_1_1 1_1 fusion-one-full fusion-column-first fusion-column-last fusion-column-no-min-height\" style=\"--awb-bg-size:cover;\"><div class=\"fusion-column-wrapper fusion-column-has-shadow fusion-flex-column-wrapper-legacy\"><div class=\"awb-gallery-wrapper awb-gallery-wrapper-2 button-span-no\"><div style=\"margin:-5px;--awb-bordersize:0px;\" class=\"fusion-gallery fusion-gallery-container fusion-grid-3 fusion-columns-total-6 fusion-gallery-layout-masonry fusion-gallery-2\"><div class=\"fusion-grid-column fusion-gallery-column fusion-gallery-column-3 hover-type-none fusion-element-landscape fusion-grid-sizer\"><\/div><div style=\"padding:5px;\" class=\"fusion-grid-column fusion-gallery-column fusion-gallery-column-3 hover-type-none fusion-element-grid\"><div class=\"fusion-gallery-image\"><a href=\"https:\/\/campinglagodimonate.it\/wp-content\/uploads\/2022\/01\/casa-mobile-monate-4.jpeg\" rel=\"noreferrer\" data-rel=\"iLightbox[gallery_image_2]\" class=\"fusion-lightbox\" target=\"_self\"><div style=\"background-image:url(https:\/\/campinglagodimonate.it\/wp-content\/uploads\/2022\/01\/casa-mobile-monate-4.jpeg);padding-top:calc((100% + 10px) * 0.8 - 5px);background-position:;\" class=\"fusion-masonry-element-container\"><img decoding=\"async\" src=\"https:\/\/campinglagodimonate.it\/wp-content\/uploads\/2022\/01\/casa-mobile-monate-4.jpeg\" width=\"1600\" height=\"1068\" alt=\"\" title=\"casa mobile monate 4\" aria-label=\"casa mobile monate 4\" class=\"img-responsive wp-image-2954\" srcset=\"https:\/\/campinglagodimonate.it\/wp-content\/uploads\/2022\/01\/casa-mobile-monate-4-200x134.jpeg 200w, https:\/\/campinglagodimonate.it\/wp-content\/uploads\/2022\/01\/casa-mobile-monate-4-400x267.jpeg 400w, https:\/\/campinglagodimonate.it\/wp-content\/uploads\/2022\/01\/casa-mobile-monate-4-600x401.jpeg 600w, https:\/\/campinglagodimonate.it\/wp-content\/uploads\/2022\/01\/casa-mobile-monate-4-800x534.jpeg 800w, https:\/\/campinglagodimonate.it\/wp-content\/uploads\/2022\/01\/casa-mobile-monate-4-1200x801.jpeg 1200w, https:\/\/campinglagodimonate.it\/wp-content\/uploads\/2022\/01\/casa-mobile-monate-4.jpeg 1600w\" sizes=\"(min-width: 2200px) 100vw, (min-width: 1129px) 387px, (min-width: 1037px) 580px, (min-width: 945px) 1037px, \" \/><\/div><\/a><\/div><\/div><div style=\"padding:5px;\" class=\"fusion-grid-column fusion-gallery-column fusion-gallery-column-3 hover-type-none fusion-element-grid\"><div class=\"fusion-gallery-image\"><a href=\"https:\/\/campinglagodimonate.it\/wp-content\/uploads\/2022\/01\/casa-mobile-monate-5.jpeg\" rel=\"noreferrer\" data-rel=\"iLightbox[gallery_image_2]\" class=\"fusion-lightbox\" target=\"_self\"><div style=\"background-image:url(https:\/\/campinglagodimonate.it\/wp-content\/uploads\/2022\/01\/casa-mobile-monate-5.jpeg);padding-top:calc((100% + 10px) * 0.8 - 5px);background-position:;\" class=\"fusion-masonry-element-container\"><img decoding=\"async\" src=\"https:\/\/campinglagodimonate.it\/wp-content\/uploads\/2022\/01\/casa-mobile-monate-5.jpeg\" width=\"1600\" height=\"1068\" alt=\"\" title=\"casa mobile monate 5\" aria-label=\"casa mobile monate 5\" class=\"img-responsive wp-image-2957\" srcset=\"https:\/\/campinglagodimonate.it\/wp-content\/uploads\/2022\/01\/casa-mobile-monate-5-200x134.jpeg 200w, https:\/\/campinglagodimonate.it\/wp-content\/uploads\/2022\/01\/casa-mobile-monate-5-400x267.jpeg 400w, https:\/\/campinglagodimonate.it\/wp-content\/uploads\/2022\/01\/casa-mobile-monate-5-600x401.jpeg 600w, https:\/\/campinglagodimonate.it\/wp-content\/uploads\/2022\/01\/casa-mobile-monate-5-800x534.jpeg 800w, https:\/\/campinglagodimonate.it\/wp-content\/uploads\/2022\/01\/casa-mobile-monate-5-1200x801.jpeg 1200w, https:\/\/campinglagodimonate.it\/wp-content\/uploads\/2022\/01\/casa-mobile-monate-5.jpeg 1600w\" sizes=\"(min-width: 2200px) 100vw, (min-width: 1129px) 387px, (min-width: 1037px) 580px, (min-width: 945px) 1037px, \" \/><\/div><\/a><\/div><\/div><div style=\"padding:5px;\" class=\"fusion-grid-column fusion-gallery-column fusion-gallery-column-3 hover-type-none fusion-element-grid\"><div class=\"fusion-gallery-image\"><a href=\"https:\/\/campinglagodimonate.it\/wp-content\/uploads\/2022\/01\/casa-mobile-monate-3.jpeg\" rel=\"noreferrer\" data-rel=\"iLightbox[gallery_image_2]\" class=\"fusion-lightbox\" target=\"_self\"><div style=\"background-image:url(https:\/\/campinglagodimonate.it\/wp-content\/uploads\/2022\/01\/casa-mobile-monate-3.jpeg);padding-top:calc((100% + 10px) * 0.8 - 5px);background-position:;\" class=\"fusion-masonry-element-container\"><img decoding=\"async\" src=\"https:\/\/campinglagodimonate.it\/wp-content\/uploads\/2022\/01\/casa-mobile-monate-3.jpeg\" width=\"1600\" height=\"1068\" alt=\"\" title=\"casa mobile monate 3\" aria-label=\"casa mobile monate 3\" class=\"img-responsive wp-image-2951\" srcset=\"https:\/\/campinglagodimonate.it\/wp-content\/uploads\/2022\/01\/casa-mobile-monate-3-200x134.jpeg 200w, https:\/\/campinglagodimonate.it\/wp-content\/uploads\/2022\/01\/casa-mobile-monate-3-400x267.jpeg 400w, https:\/\/campinglagodimonate.it\/wp-content\/uploads\/2022\/01\/casa-mobile-monate-3-600x401.jpeg 600w, https:\/\/campinglagodimonate.it\/wp-content\/uploads\/2022\/01\/casa-mobile-monate-3-800x534.jpeg 800w, https:\/\/campinglagodimonate.it\/wp-content\/uploads\/2022\/01\/casa-mobile-monate-3-1200x801.jpeg 1200w, https:\/\/campinglagodimonate.it\/wp-content\/uploads\/2022\/01\/casa-mobile-monate-3.jpeg 1600w\" sizes=\"(min-width: 2200px) 100vw, (min-width: 1129px) 387px, (min-width: 1037px) 580px, (min-width: 945px) 1037px, \" \/><\/div><\/a><\/div><\/div><div style=\"padding:5px;\" class=\"fusion-grid-column fusion-gallery-column fusion-gallery-column-3 hover-type-none fusion-element-grid\"><div class=\"fusion-gallery-image\"><a href=\"https:\/\/campinglagodimonate.it\/wp-content\/uploads\/2022\/01\/casa-mobile-monate-2.jpeg\" rel=\"noreferrer\" data-rel=\"iLightbox[gallery_image_2]\" class=\"fusion-lightbox\" target=\"_self\"><div style=\"background-image:url(https:\/\/campinglagodimonate.it\/wp-content\/uploads\/2022\/01\/casa-mobile-monate-2.jpeg);padding-top:calc((100% + 10px) * 0.8 - 5px);background-position:;\" class=\"fusion-masonry-element-container\"><img decoding=\"async\" src=\"https:\/\/campinglagodimonate.it\/wp-content\/uploads\/2022\/01\/casa-mobile-monate-2.jpeg\" width=\"1600\" height=\"1068\" alt=\"\" title=\"casa mobile monate 2\" aria-label=\"casa mobile monate 2\" class=\"img-responsive wp-image-2948\" srcset=\"https:\/\/campinglagodimonate.it\/wp-content\/uploads\/2022\/01\/casa-mobile-monate-2-200x134.jpeg 200w, https:\/\/campinglagodimonate.it\/wp-content\/uploads\/2022\/01\/casa-mobile-monate-2-400x267.jpeg 400w, https:\/\/campinglagodimonate.it\/wp-content\/uploads\/2022\/01\/casa-mobile-monate-2-600x401.jpeg 600w, https:\/\/campinglagodimonate.it\/wp-content\/uploads\/2022\/01\/casa-mobile-monate-2-800x534.jpeg 800w, https:\/\/campinglagodimonate.it\/wp-content\/uploads\/2022\/01\/casa-mobile-monate-2-1200x801.jpeg 1200w, https:\/\/campinglagodimonate.it\/wp-content\/uploads\/2022\/01\/casa-mobile-monate-2.jpeg 1600w\" sizes=\"(min-width: 2200px) 100vw, (min-width: 1129px) 387px, (min-width: 1037px) 580px, (min-width: 945px) 1037px, \" \/><\/div><\/a><\/div><\/div><div style=\"padding:5px;\" class=\"fusion-grid-column fusion-gallery-column fusion-gallery-column-3 hover-type-none fusion-element-landscape fusion-element-portrait\"><div class=\"fusion-gallery-image\"><a href=\"https:\/\/campinglagodimonate.it\/wp-content\/uploads\/2022\/01\/casa-mobile-monate-7.jpeg\" rel=\"noreferrer\" data-rel=\"iLightbox[gallery_image_2]\" class=\"fusion-lightbox\" target=\"_self\"><div style=\"background-image:url(https:\/\/campinglagodimonate.it\/wp-content\/uploads\/2022\/01\/casa-mobile-monate-7.jpeg);padding-top:calc((100% + 10px) * 0.8);background-position:;\" class=\"fusion-masonry-element-container\"><img decoding=\"async\" src=\"https:\/\/campinglagodimonate.it\/wp-content\/uploads\/2022\/01\/casa-mobile-monate-7.jpeg\" width=\"2048\" height=\"1366\" alt=\"\" title=\"casa mobile monate 7\" aria-label=\"casa mobile monate 7\" class=\"img-responsive wp-image-2963\" srcset=\"https:\/\/campinglagodimonate.it\/wp-content\/uploads\/2022\/01\/casa-mobile-monate-7-200x133.jpeg 200w, https:\/\/campinglagodimonate.it\/wp-content\/uploads\/2022\/01\/casa-mobile-monate-7-400x267.jpeg 400w, https:\/\/campinglagodimonate.it\/wp-content\/uploads\/2022\/01\/casa-mobile-monate-7-600x400.jpeg 600w, https:\/\/campinglagodimonate.it\/wp-content\/uploads\/2022\/01\/casa-mobile-monate-7-800x534.jpeg 800w, https:\/\/campinglagodimonate.it\/wp-content\/uploads\/2022\/01\/casa-mobile-monate-7-1200x800.jpeg 1200w, https:\/\/campinglagodimonate.it\/wp-content\/uploads\/2022\/01\/casa-mobile-monate-7.jpeg 2048w\" sizes=\"(min-width: 2200px) 100vw, (min-width: 945px) 1170px, \" \/><\/div><\/a><\/div><\/div><div style=\"padding:5px;\" class=\"fusion-grid-column fusion-gallery-column fusion-gallery-column-3 hover-type-none fusion-element-grid\"><div class=\"fusion-gallery-image\"><a href=\"https:\/\/campinglagodimonate.it\/wp-content\/uploads\/2022\/01\/casa-mobile-monate-6.jpeg\" rel=\"noreferrer\" data-rel=\"iLightbox[gallery_image_2]\" class=\"fusion-lightbox\" target=\"_self\"><div style=\"background-image:url(https:\/\/campinglagodimonate.it\/wp-content\/uploads\/2022\/01\/casa-mobile-monate-6.jpeg);padding-top:calc((100% + 10px) * 0.8 - 5px);background-position:;\" class=\"fusion-masonry-element-container\"><img decoding=\"async\" src=\"https:\/\/campinglagodimonate.it\/wp-content\/uploads\/2022\/01\/casa-mobile-monate-6.jpeg\" width=\"1600\" height=\"1068\" alt=\"\" title=\"casa mobile monate 6\" aria-label=\"casa mobile monate 6\" class=\"img-responsive wp-image-2960\" srcset=\"https:\/\/campinglagodimonate.it\/wp-content\/uploads\/2022\/01\/casa-mobile-monate-6-200x134.jpeg 200w, https:\/\/campinglagodimonate.it\/wp-content\/uploads\/2022\/01\/casa-mobile-monate-6-400x267.jpeg 400w, https:\/\/campinglagodimonate.it\/wp-content\/uploads\/2022\/01\/casa-mobile-monate-6-600x401.jpeg 600w, https:\/\/campinglagodimonate.it\/wp-content\/uploads\/2022\/01\/casa-mobile-monate-6-800x534.jpeg 800w, https:\/\/campinglagodimonate.it\/wp-content\/uploads\/2022\/01\/casa-mobile-monate-6-1200x801.jpeg 1200w, https:\/\/campinglagodimonate.it\/wp-content\/uploads\/2022\/01\/casa-mobile-monate-6.jpeg 1600w\" sizes=\"(min-width: 2200px) 100vw, (min-width: 1129px) 387px, (min-width: 1037px) 580px, (min-width: 945px) 1037px, \" \/><\/div><\/a><\/div><\/div><\/div><\/div><div class=\"fusion-clearfix\"><\/div><\/div><\/div><\/div><\/div><\/p>\n","protected":false},"excerpt":{"rendered":"","protected":false},"author":1,"featured_media":0,"parent":0,"menu_order":0,"comment_status":"open","ping_status":"closed","template":"100-width.php","meta":{"footnotes":""},"class_list":["post-3386","page","type-page","status-publish","hentry"],"_links":{"self":[{"href":"https:\/\/campinglagodimonate.it\/de\/wp-json\/wp\/v2\/pages\/3386","targetHints":{"allow":["GET"]}}],"collection":[{"href":"https:\/\/campinglagodimonate.it\/de\/wp-json\/wp\/v2\/pages"}],"about":[{"href":"https:\/\/campinglagodimonate.it\/de\/wp-json\/wp\/v2\/types\/page"}],"author":[{"embeddable":true,"href":"https:\/\/campinglagodimonate.it\/de\/wp-json\/wp\/v2\/users\/1"}],"replies":[{"embeddable":true,"href":"https:\/\/campinglagodimonate.it\/de\/wp-json\/wp\/v2\/comments?post=3386"}],"version-history":[{"count":16,"href":"https:\/\/campinglagodimonate.it\/de\/wp-json\/wp\/v2\/pages\/3386\/revisions"}],"predecessor-version":[{"id":4717,"href":"https:\/\/campinglagodimonate.it\/de\/wp-json\/wp\/v2\/pages\/3386\/revisions\/4717"}],"wp:attachment":[{"href":"https:\/\/campinglagodimonate.it\/de\/wp-json\/wp\/v2\/media?parent=3386"}],"curies":[{"name":"wp","href":"https:\/\/api.w.org\/{rel}","templated":true}]}}