{"id":3382,"date":"2015-07-06T19:22:31","date_gmt":"2015-07-06T19:22:31","guid":{"rendered":"https:\/\/campinglagodimonate.it\/stellplaetze\/"},"modified":"2024-01-26T13:53:45","modified_gmt":"2024-01-26T13:53:45","slug":"stellplaetze","status":"publish","type":"page","link":"https:\/\/campinglagodimonate.it\/de\/stellplaetze\/","title":{"rendered":"Stellpl\u00e4tze"},"content":{"rendered":"<p><div class=\"fusion-fullwidth fullwidth-box fusion-builder-row-1 nonhundred-percent-fullwidth non-hundred-percent-height-scrolling\" style=\"--awb-background-position:left top;--awb-border-sizes-top:0px;--awb-border-sizes-bottom:0px;--awb-border-sizes-left:0px;--awb-border-sizes-right:0px;--awb-border-radius-top-left:0px;--awb-border-radius-top-right:0px;--awb-border-radius-bottom-right:0px;--awb-border-radius-bottom-left:0px;--awb-padding-top:0px;--awb-padding-bottom:0px;--awb-flex-wrap:wrap;\" ><div class=\"fusion-builder-row fusion-row\"><div class=\"fusion-layout-column fusion_builder_column fusion-builder-column-0 fusion_builder_column_2_5 2_5 fusion-two-fifth fusion-column-first\" style=\"--awb-bg-position:right bottom;--awb-bg-size:cover;\"><div class=\"fusion-column-wrapper fusion-flex-column-wrapper-legacy\"><div class=\"fusion-text fusion-text-1\"><h1>Stellpl\u00e4tze<\/h1>\n<\/div><div class=\"fusion-sep-clear\"><\/div><div class=\"fusion-separator fusion-clearfix\" style=\"float:left;margin-top:0px;margin-bottom:20px;width:100%;max-width:50px;\"><div class=\"fusion-separator-border sep-single sep-solid\" style=\"--awb-height:20px;--awb-amount:20px;--awb-sep-color:#cbaa5c;border-color:#cbaa5c;border-top-width:1px;\"><\/div><\/div><div class=\"fusion-sep-clear\"><\/div><div class=\"fusion-text fusion-text-2\"><p style=\"text-align: left; padding-right: 80px;\">Der Camping Lago di Monate verf\u00fcgt \u00fcber <strong>133 Stellpl\u00e4tze<\/strong>, die eingebettet im Gr\u00fcn eines jahrhundertealten Waldes mit Birken, Buchen, Kastanien und Eichen liegen. Sie haben die Wahl zwischen <strong>Stellpl\u00e4tzen<\/strong> direkt am See, f\u00fcr einen herrlichen Blick auf den wundersch\u00f6nen Lago di Monate mit atemberaubenden Aussichten und Sonnenunterg\u00e4ngen, und einem ebenso angenehmen Waldgebiet, in dem Sie sicher eine ruhige und entspannende <strong>Atmosph\u00e4re<\/strong> finden werden, in der Sie ein einzigartiges Erlebnis im Zeichen des authentischen Campinggeist genie\u00dfen k\u00f6nnen.<\/p>\n<\/div><div class=\"fusion-sep-clear\"><\/div><div class=\"fusion-separator fusion-full-width-sep\" style=\"margin-left: auto;margin-right: auto;margin-top:20px;width:100%;\"><\/div><div class=\"fusion-sep-clear\"><\/div><div class=\"fusion-clearfix\"><\/div><\/div><\/div><div class=\"fusion-layout-column fusion_builder_column fusion-builder-column-1 fusion_builder_column_3_5 3_5 fusion-three-fifth fusion-column-last\" style=\"--awb-padding-top:40px;--awb-padding-right:40px;--awb-padding-bottom:40px;--awb-padding-left:40px;--awb-bg-color:#ffffff;--awb-bg-color-hover:#ffffff;--awb-bg-size:cover;--awb-border-color:#ebeef1;--awb-border-top:0;--awb-border-right:0;--awb-border-bottom:0;--awb-border-left:0;--awb-border-style:solid;\"><div class=\"fusion-column-wrapper fusion-flex-column-wrapper-legacy\"><div class=\"fusion-image-element fusion-image-align-center in-legacy-container\" style=\"text-align:center;--awb-liftup-border-radius:0px;--awb-caption-title-font-family:var(--h2_typography-font-family);--awb-caption-title-font-weight:var(--h2_typography-font-weight);--awb-caption-title-font-style:var(--h2_typography-font-style);--awb-caption-title-size:var(--h2_typography-font-size);--awb-caption-title-transform:var(--h2_typography-text-transform);--awb-caption-title-line-height:var(--h2_typography-line-height);--awb-caption-title-letter-spacing:var(--h2_typography-letter-spacing);\"><div class=\"imageframe-align-center\"><div class=\"awb-image-frame awb-image-frame-1 imageframe-liftup\"><span class=\" fusion-imageframe imageframe-dropshadow imageframe-1\" style=\"border:13px solid #ffffff;-webkit-box-shadow: 3px 3px 7px rgba(0,0,0,0.3);box-shadow: 3px 3px 7px rgba(0,0,0,0.3);\"><a href=\"https:\/\/campinglagodimonate.it\/wp-content\/uploads\/2021\/11\/VAL6838.jpg\" class=\"fusion-lightbox\" data-rel=\"iLightbox[d0b102f9fdecf145357]\" data-title=\"_VAL6838\" title=\"_VAL6838\"><img decoding=\"async\" width=\"2000\" height=\"1335\" src=\"https:\/\/campinglagodimonate.it\/wp-content\/uploads\/2021\/11\/VAL6838.jpg\" alt class=\"img-responsive wp-image-2900\" srcset=\"https:\/\/campinglagodimonate.it\/wp-content\/uploads\/2021\/11\/VAL6838-200x134.jpg 200w, https:\/\/campinglagodimonate.it\/wp-content\/uploads\/2021\/11\/VAL6838-400x267.jpg 400w, https:\/\/campinglagodimonate.it\/wp-content\/uploads\/2021\/11\/VAL6838-600x401.jpg 600w, https:\/\/campinglagodimonate.it\/wp-content\/uploads\/2021\/11\/VAL6838-800x534.jpg 800w, https:\/\/campinglagodimonate.it\/wp-content\/uploads\/2021\/11\/VAL6838-1200x801.jpg 1200w, https:\/\/campinglagodimonate.it\/wp-content\/uploads\/2021\/11\/VAL6838.jpg 2000w\" sizes=\"(max-width: 1105px) 100vw, 800px\" \/><\/a><\/span><\/div><\/div><\/div><div class=\"fusion-clearfix\"><\/div><\/div><\/div><\/div><\/div><div class=\"fusion-fullwidth fullwidth-box fusion-builder-row-2 nonhundred-percent-fullwidth non-hundred-percent-height-scrolling\" style=\"--awb-border-radius-top-left:0px;--awb-border-radius-top-right:0px;--awb-border-radius-bottom-right:0px;--awb-border-radius-bottom-left:0px;--awb-padding-bottom:40px;--awb-flex-wrap:wrap;\" ><div class=\"fusion-builder-row fusion-row\"><div class=\"fusion-layout-column fusion_builder_column fusion-builder-column-2 fusion_builder_column_1_1 1_1 fusion-one-full fusion-column-first fusion-column-last fusion-column-no-min-height\" style=\"--awb-bg-size:cover;\"><div class=\"fusion-column-wrapper fusion-column-has-shadow fusion-flex-column-wrapper-legacy\"><div class=\"awb-gallery-wrapper awb-gallery-wrapper-1 button-span-no\"><div style=\"margin:-5px;--awb-bordersize:0px;\" class=\"fusion-gallery fusion-gallery-container fusion-grid-3 fusion-columns-total-6 fusion-gallery-layout-masonry fusion-gallery-1\"><div class=\"fusion-grid-column fusion-gallery-column fusion-gallery-column-3 hover-type-none fusion-grid-sizer\"><\/div><div style=\"padding:5px;\" class=\"fusion-grid-column fusion-gallery-column fusion-gallery-column-3 hover-type-none fusion-element-grid\"><div class=\"fusion-gallery-image\"><a href=\"https:\/\/campinglagodimonate.it\/wp-content\/uploads\/2021\/11\/camping-lago-di-monate-piazzola-sospesa.jpg\" rel=\"noreferrer\" data-rel=\"iLightbox[gallery_image_1]\" class=\"fusion-lightbox\" target=\"_self\"><div style=\"background-image:url(https:\/\/campinglagodimonate.it\/wp-content\/uploads\/2021\/11\/camping-lago-di-monate-piazzola-sospesa.jpg);padding-top:calc((100% + 10px) * 0.8 - 5px);background-position:;\" class=\"fusion-masonry-element-container\"><img decoding=\"async\" src=\"https:\/\/campinglagodimonate.it\/wp-content\/uploads\/2021\/11\/camping-lago-di-monate-piazzola-sospesa.jpg\" width=\"1266\" height=\"845\" alt=\"\" title=\"camping-lago-di-monate-piazzola-sospesa\" aria-label=\"camping-lago-di-monate-piazzola-sospesa\" class=\"img-responsive wp-image-2220\" srcset=\"https:\/\/campinglagodimonate.it\/wp-content\/uploads\/2021\/11\/camping-lago-di-monate-piazzola-sospesa-200x133.jpg 200w, https:\/\/campinglagodimonate.it\/wp-content\/uploads\/2021\/11\/camping-lago-di-monate-piazzola-sospesa-400x267.jpg 400w, https:\/\/campinglagodimonate.it\/wp-content\/uploads\/2021\/11\/camping-lago-di-monate-piazzola-sospesa-600x400.jpg 600w, https:\/\/campinglagodimonate.it\/wp-content\/uploads\/2021\/11\/camping-lago-di-monate-piazzola-sospesa-800x534.jpg 800w, https:\/\/campinglagodimonate.it\/wp-content\/uploads\/2021\/11\/camping-lago-di-monate-piazzola-sospesa-1200x801.jpg 1200w, https:\/\/campinglagodimonate.it\/wp-content\/uploads\/2021\/11\/camping-lago-di-monate-piazzola-sospesa.jpg 1266w\" sizes=\"(min-width: 2200px) 100vw, (min-width: 1129px) 387px, (min-width: 1037px) 580px, (min-width: 945px) 1037px, \" \/><\/div><\/a><\/div><\/div><div style=\"padding:5px;\" class=\"fusion-grid-column fusion-gallery-column fusion-gallery-column-3 hover-type-none fusion-element-grid\"><div class=\"fusion-gallery-image\"><a href=\"https:\/\/campinglagodimonate.it\/wp-content\/uploads\/2021\/11\/VAL6838.jpg\" rel=\"noreferrer\" data-rel=\"iLightbox[gallery_image_1]\" class=\"fusion-lightbox\" target=\"_self\"><div style=\"background-image:url(https:\/\/campinglagodimonate.it\/wp-content\/uploads\/2021\/11\/VAL6838.jpg);padding-top:calc((100% + 10px) * 0.8 - 5px);background-position:;\" class=\"fusion-masonry-element-container\"><img decoding=\"async\" src=\"https:\/\/campinglagodimonate.it\/wp-content\/uploads\/2021\/11\/VAL6838.jpg\" width=\"2000\" height=\"1335\" alt=\"\" title=\"_VAL6838\" aria-label=\"_VAL6838\" class=\"img-responsive wp-image-2217\" srcset=\"https:\/\/campinglagodimonate.it\/wp-content\/uploads\/2021\/11\/VAL6838-200x134.jpg 200w, https:\/\/campinglagodimonate.it\/wp-content\/uploads\/2021\/11\/VAL6838-400x267.jpg 400w, https:\/\/campinglagodimonate.it\/wp-content\/uploads\/2021\/11\/VAL6838-600x401.jpg 600w, https:\/\/campinglagodimonate.it\/wp-content\/uploads\/2021\/11\/VAL6838-800x534.jpg 800w, https:\/\/campinglagodimonate.it\/wp-content\/uploads\/2021\/11\/VAL6838-1200x801.jpg 1200w, https:\/\/campinglagodimonate.it\/wp-content\/uploads\/2021\/11\/VAL6838.jpg 2000w\" sizes=\"(min-width: 2200px) 100vw, (min-width: 1129px) 387px, (min-width: 1037px) 580px, (min-width: 945px) 1037px, \" \/><\/div><\/a><\/div><\/div><div style=\"padding:5px;\" class=\"fusion-grid-column fusion-gallery-column fusion-gallery-column-3 hover-type-none fusion-element-grid\"><div class=\"fusion-gallery-image\"><a href=\"https:\/\/campinglagodimonate.it\/wp-content\/uploads\/2021\/11\/VAL6830.jpg\" rel=\"noreferrer\" data-rel=\"iLightbox[gallery_image_1]\" class=\"fusion-lightbox\" target=\"_self\"><div style=\"background-image:url(https:\/\/campinglagodimonate.it\/wp-content\/uploads\/2021\/11\/VAL6830.jpg);padding-top:calc((100% + 10px) * 0.8 - 5px);background-position:;\" class=\"fusion-masonry-element-container\"><img decoding=\"async\" src=\"https:\/\/campinglagodimonate.it\/wp-content\/uploads\/2021\/11\/VAL6830.jpg\" width=\"2000\" height=\"1335\" alt=\"\" title=\"_VAL6830\" aria-label=\"_VAL6830\" class=\"img-responsive wp-image-2216\" srcset=\"https:\/\/campinglagodimonate.it\/wp-content\/uploads\/2021\/11\/VAL6830-200x134.jpg 200w, https:\/\/campinglagodimonate.it\/wp-content\/uploads\/2021\/11\/VAL6830-400x267.jpg 400w, https:\/\/campinglagodimonate.it\/wp-content\/uploads\/2021\/11\/VAL6830-600x401.jpg 600w, https:\/\/campinglagodimonate.it\/wp-content\/uploads\/2021\/11\/VAL6830-800x534.jpg 800w, https:\/\/campinglagodimonate.it\/wp-content\/uploads\/2021\/11\/VAL6830-1200x801.jpg 1200w, https:\/\/campinglagodimonate.it\/wp-content\/uploads\/2021\/11\/VAL6830.jpg 2000w\" sizes=\"(min-width: 2200px) 100vw, (min-width: 1129px) 387px, (min-width: 1037px) 580px, (min-width: 945px) 1037px, \" \/><\/div><\/a><\/div><\/div><div style=\"padding:5px;\" class=\"fusion-grid-column fusion-gallery-column fusion-gallery-column-3 hover-type-none fusion-element-grid\"><div class=\"fusion-gallery-image\"><a href=\"https:\/\/campinglagodimonate.it\/wp-content\/uploads\/2021\/11\/VAL6759-2.jpg\" rel=\"noreferrer\" data-rel=\"iLightbox[gallery_image_1]\" class=\"fusion-lightbox\" target=\"_self\"><div style=\"background-image:url(https:\/\/campinglagodimonate.it\/wp-content\/uploads\/2021\/11\/VAL6759-2.jpg);padding-top:calc((100% + 10px) * 0.8 - 5px);background-position:;\" class=\"fusion-masonry-element-container\"><img decoding=\"async\" src=\"https:\/\/campinglagodimonate.it\/wp-content\/uploads\/2021\/11\/VAL6759-2.jpg\" width=\"2000\" height=\"1335\" alt=\"\" title=\"_VAL6759 2\" aria-label=\"_VAL6759 2\" class=\"img-responsive wp-image-2215\" srcset=\"https:\/\/campinglagodimonate.it\/wp-content\/uploads\/2021\/11\/VAL6759-2-200x134.jpg 200w, https:\/\/campinglagodimonate.it\/wp-content\/uploads\/2021\/11\/VAL6759-2-400x267.jpg 400w, https:\/\/campinglagodimonate.it\/wp-content\/uploads\/2021\/11\/VAL6759-2-600x401.jpg 600w, https:\/\/campinglagodimonate.it\/wp-content\/uploads\/2021\/11\/VAL6759-2-800x534.jpg 800w, https:\/\/campinglagodimonate.it\/wp-content\/uploads\/2021\/11\/VAL6759-2-1200x801.jpg 1200w, https:\/\/campinglagodimonate.it\/wp-content\/uploads\/2021\/11\/VAL6759-2.jpg 2000w\" sizes=\"(min-width: 2200px) 100vw, (min-width: 1129px) 387px, (min-width: 1037px) 580px, (min-width: 945px) 1037px, \" \/><\/div><\/a><\/div><\/div><div style=\"padding:5px;\" class=\"fusion-grid-column fusion-gallery-column fusion-gallery-column-3 hover-type-none fusion-element-grid\"><div class=\"fusion-gallery-image\"><a href=\"https:\/\/campinglagodimonate.it\/wp-content\/uploads\/2021\/11\/VAL6792-2.jpg\" rel=\"noreferrer\" data-rel=\"iLightbox[gallery_image_1]\" class=\"fusion-lightbox\" target=\"_self\"><div style=\"background-image:url(https:\/\/campinglagodimonate.it\/wp-content\/uploads\/2021\/11\/VAL6792-2.jpg);padding-top:calc((100% + 10px) * 0.8 - 5px);background-position:;\" class=\"fusion-masonry-element-container\"><img decoding=\"async\" src=\"https:\/\/campinglagodimonate.it\/wp-content\/uploads\/2021\/11\/VAL6792-2.jpg\" width=\"2000\" height=\"1335\" alt=\"\" title=\"_VAL6792 2\" aria-label=\"_VAL6792 2\" class=\"img-responsive wp-image-2210\" srcset=\"https:\/\/campinglagodimonate.it\/wp-content\/uploads\/2021\/11\/VAL6792-2-200x134.jpg 200w, https:\/\/campinglagodimonate.it\/wp-content\/uploads\/2021\/11\/VAL6792-2-400x267.jpg 400w, https:\/\/campinglagodimonate.it\/wp-content\/uploads\/2021\/11\/VAL6792-2-600x401.jpg 600w, https:\/\/campinglagodimonate.it\/wp-content\/uploads\/2021\/11\/VAL6792-2-800x534.jpg 800w, https:\/\/campinglagodimonate.it\/wp-content\/uploads\/2021\/11\/VAL6792-2-1200x801.jpg 1200w, https:\/\/campinglagodimonate.it\/wp-content\/uploads\/2021\/11\/VAL6792-2.jpg 2000w\" sizes=\"(min-width: 2200px) 100vw, (min-width: 1129px) 387px, (min-width: 1037px) 580px, (min-width: 945px) 1037px, \" \/><\/div><\/a><\/div><\/div><div style=\"padding:5px;\" class=\"fusion-grid-column fusion-gallery-column fusion-gallery-column-3 hover-type-none fusion-element-grid\"><div class=\"fusion-gallery-image\"><a href=\"https:\/\/campinglagodimonate.it\/wp-content\/uploads\/2021\/11\/VAL6748-2.jpg\" rel=\"noreferrer\" data-rel=\"iLightbox[gallery_image_1]\" class=\"fusion-lightbox\" target=\"_self\"><div style=\"background-image:url(https:\/\/campinglagodimonate.it\/wp-content\/uploads\/2021\/11\/VAL6748-2.jpg);padding-top:calc((100% + 10px) * 0.8 - 5px);background-position:;\" class=\"fusion-masonry-element-container\"><img decoding=\"async\" src=\"https:\/\/campinglagodimonate.it\/wp-content\/uploads\/2021\/11\/VAL6748-2.jpg\" width=\"2000\" height=\"1335\" alt=\"\" title=\"_VAL6748 2\" aria-label=\"_VAL6748 2\" class=\"img-responsive wp-image-2207\" srcset=\"https:\/\/campinglagodimonate.it\/wp-content\/uploads\/2021\/11\/VAL6748-2-200x134.jpg 200w, https:\/\/campinglagodimonate.it\/wp-content\/uploads\/2021\/11\/VAL6748-2-400x267.jpg 400w, https:\/\/campinglagodimonate.it\/wp-content\/uploads\/2021\/11\/VAL6748-2-600x401.jpg 600w, https:\/\/campinglagodimonate.it\/wp-content\/uploads\/2021\/11\/VAL6748-2-800x534.jpg 800w, https:\/\/campinglagodimonate.it\/wp-content\/uploads\/2021\/11\/VAL6748-2-1200x801.jpg 1200w, https:\/\/campinglagodimonate.it\/wp-content\/uploads\/2021\/11\/VAL6748-2.jpg 2000w\" sizes=\"(min-width: 2200px) 100vw, (min-width: 1129px) 387px, (min-width: 1037px) 580px, (min-width: 945px) 1037px, \" \/><\/div><\/a><\/div><\/div><\/div><\/div><div class=\"fusion-clearfix\"><\/div><\/div><\/div><\/div><\/div><\/p>\n","protected":false},"excerpt":{"rendered":"","protected":false},"author":1,"featured_media":0,"parent":0,"menu_order":0,"comment_status":"open","ping_status":"closed","template":"100-width.php","meta":{"footnotes":""},"class_list":["post-3382","page","type-page","status-publish","hentry"],"_links":{"self":[{"href":"https:\/\/campinglagodimonate.it\/de\/wp-json\/wp\/v2\/pages\/3382","targetHints":{"allow":["GET"]}}],"collection":[{"href":"https:\/\/campinglagodimonate.it\/de\/wp-json\/wp\/v2\/pages"}],"about":[{"href":"https:\/\/campinglagodimonate.it\/de\/wp-json\/wp\/v2\/types\/page"}],"author":[{"embeddable":true,"href":"https:\/\/campinglagodimonate.it\/de\/wp-json\/wp\/v2\/users\/1"}],"replies":[{"embeddable":true,"href":"https:\/\/campinglagodimonate.it\/de\/wp-json\/wp\/v2\/comments?post=3382"}],"version-history":[{"count":18,"href":"https:\/\/campinglagodimonate.it\/de\/wp-json\/wp\/v2\/pages\/3382\/revisions"}],"predecessor-version":[{"id":4063,"href":"https:\/\/campinglagodimonate.it\/de\/wp-json\/wp\/v2\/pages\/3382\/revisions\/4063"}],"wp:attachment":[{"href":"https:\/\/campinglagodimonate.it\/de\/wp-json\/wp\/v2\/media?parent=3382"}],"curies":[{"name":"wp","href":"https:\/\/api.w.org\/{rel}","templated":true}]}}