{"id":3374,"date":"2015-02-03T20:17:08","date_gmt":"2015-02-03T20:17:08","guid":{"rendered":"https:\/\/campinglagodimonate.it\/kontakte\/"},"modified":"2026-03-28T10:55:46","modified_gmt":"2026-03-28T10:55:46","slug":"kontakte","status":"publish","type":"page","link":"https:\/\/campinglagodimonate.it\/de\/kontakte\/","title":{"rendered":"Kontakte"},"content":{"rendered":"<p><div class=\"fusion-fullwidth fullwidth-box fusion-builder-row-1 has-pattern-background has-mask-background nonhundred-percent-fullwidth non-hundred-percent-height-scrolling\" style=\"--awb-background-position:left top;--awb-border-sizes-top:0px;--awb-border-sizes-bottom:0px;--awb-border-sizes-left:0px;--awb-border-sizes-right:0px;--awb-border-radius-top-left:0px;--awb-border-radius-top-right:0px;--awb-border-radius-bottom-right:0px;--awb-border-radius-bottom-left:0px;--awb-padding-top:0px;--awb-padding-bottom:0px;--awb-flex-wrap:wrap;\" ><div class=\"fusion-builder-row fusion-row\"><div class=\"fusion-layout-column fusion_builder_column fusion-builder-column-0 fusion_builder_column_1_2 1_2 fusion-one-half fusion-column-first\" style=\"--awb-bg-size:cover;width:48%; margin-right: 4%;\"><div class=\"fusion-column-wrapper fusion-flex-column-wrapper-legacy\"><div class=\"fusion-text fusion-text-1\"><p style=\"letter-spacing: 4px; font-size: 13px; margin-bottom: 0px; text-align: left;\">KONTAKTIEREN SIE UNS JETZT<\/p>\n<h1 style=\"text-align: left;\">BUCHEN SIE IHREN URLAUB!<\/h1>\n<\/div><div class=\"fusion-sep-clear\"><\/div><div class=\"fusion-separator fusion-clearfix\" style=\"float:left;margin-top:0px;margin-bottom:20px;width:100%;max-width:50px;\"><div class=\"fusion-separator-border sep-single sep-solid\" style=\"--awb-height:20px;--awb-amount:20px;--awb-sep-color:#cbaa5c;border-color:#cbaa5c;border-top-width:1px;\"><\/div><\/div><div class=\"fusion-sep-clear\"><\/div><div class=\"fusion-text fusion-text-2\"><p style=\"text-align: left;\"><b>DER CAMPINGPLATZ IST GE\u00d6FFNET VOM <strong>14\/03\/2026 BIS 11\/10\/2026<\/strong><\/b><\/p>\n<p style=\"text-align: left;\">Um einen Aufenthalt auf unserem Campingplatz zu buchen oder Informationen anzufordern, f\u00fcllen Sie bitte das untenstehende Formular aus. Sie werden so schnell wie m\u00f6glich eine Antwort von unseren Mitarbeitern erhalten.<\/p>\n<\/div><div class=\"fusion-sep-clear\"><\/div><div class=\"fusion-separator fusion-full-width-sep\" style=\"margin-left: auto;margin-right: auto;margin-top:12px;width:100%;\"><\/div><div class=\"fusion-sep-clear\"><\/div><div class=\"fusion-clearfix\"><\/div><\/div><\/div><div class=\"fusion-layout-column fusion_builder_column fusion-builder-column-1 fusion_builder_column_1_2 1_2 fusion-one-half fusion-column-last\" style=\"--awb-padding-top:40px;--awb-padding-right:40px;--awb-padding-bottom:40px;--awb-padding-left:40px;--awb-bg-color:#ffffff;--awb-bg-color-hover:#ffffff;--awb-bg-size:cover;--awb-border-color:#ebeef1;--awb-border-top:1px;--awb-border-right:1px;--awb-border-bottom:1px;--awb-border-left:1px;--awb-border-style:solid;width:48%;\"><div class=\"fusion-column-wrapper fusion-flex-column-wrapper-legacy\"><div class=\"fusion-image-element in-legacy-container\" style=\"--awb-liftup-border-radius:0px;--awb-caption-title-font-family:var(--h2_typography-font-family);--awb-caption-title-font-weight:var(--h2_typography-font-weight);--awb-caption-title-font-style:var(--h2_typography-font-style);--awb-caption-title-size:var(--h2_typography-font-size);--awb-caption-title-transform:var(--h2_typography-text-transform);--awb-caption-title-line-height:var(--h2_typography-line-height);--awb-caption-title-letter-spacing:var(--h2_typography-letter-spacing);\"><div class=\"awb-image-frame awb-image-frame-1 imageframe-liftup\"><span class=\" fusion-imageframe imageframe-dropshadow imageframe-1\" style=\"border:13px solid #ffffff;-webkit-box-shadow: 3px 3px 7px rgba(0,0,0,0.3);box-shadow: 3px 3px 7px rgba(0,0,0,0.3);\"><a href=\"https:\/\/campinglagodimonate.it\/wp-content\/uploads\/2021\/11\/VAL6796.jpg\" class=\"fusion-lightbox\" data-rel=\"iLightbox[ad7e23064bb9186df02]\" data-title=\"_VAL6796\" title=\"_VAL6796\"><img decoding=\"async\" width=\"2000\" height=\"1335\" src=\"https:\/\/campinglagodimonate.it\/wp-content\/uploads\/2021\/11\/VAL6796.jpg\" alt class=\"img-responsive wp-image-2879\" srcset=\"https:\/\/campinglagodimonate.it\/wp-content\/uploads\/2021\/11\/VAL6796-200x134.jpg 200w, https:\/\/campinglagodimonate.it\/wp-content\/uploads\/2021\/11\/VAL6796-400x267.jpg 400w, https:\/\/campinglagodimonate.it\/wp-content\/uploads\/2021\/11\/VAL6796-600x401.jpg 600w, https:\/\/campinglagodimonate.it\/wp-content\/uploads\/2021\/11\/VAL6796-800x534.jpg 800w, https:\/\/campinglagodimonate.it\/wp-content\/uploads\/2021\/11\/VAL6796-1200x801.jpg 1200w, https:\/\/campinglagodimonate.it\/wp-content\/uploads\/2021\/11\/VAL6796.jpg 2000w\" sizes=\"(max-width: 1105px) 100vw, 600px\" \/><\/a><\/span><\/div><\/div><div class=\"fusion-clearfix\"><\/div><\/div><\/div><\/div><\/div><div class=\"fusion-fullwidth fullwidth-box fusion-builder-row-2 fusion-flex-container has-pattern-background has-mask-background nonhundred-percent-fullwidth non-hundred-percent-height-scrolling\" style=\"--awb-border-radius-top-left:0px;--awb-border-radius-top-right:0px;--awb-border-radius-bottom-right:0px;--awb-border-radius-bottom-left:0px;--awb-flex-wrap:wrap;\" ><div class=\"fusion-builder-row fusion-row fusion-flex-align-items-flex-start fusion-flex-content-wrap\" style=\"max-width:1216.8px;margin-left: calc(-4% \/ 2 );margin-right: calc(-4% \/ 2 );\"><div class=\"fusion-layout-column fusion_builder_column fusion-builder-column-2 fusion_builder_column_1_1 1_1 fusion-flex-column\" style=\"--awb-bg-size:cover;--awb-width-large:100%;--awb-margin-top-large:0px;--awb-spacing-right-large:1.92%;--awb-margin-bottom-large:20px;--awb-spacing-left-large:1.92%;--awb-width-medium:100%;--awb-order-medium:0;--awb-spacing-right-medium:1.92%;--awb-spacing-left-medium:1.92%;--awb-width-small:100%;--awb-order-small:0;--awb-spacing-right-small:1.92%;--awb-spacing-left-small:1.92%;\"><div class=\"fusion-column-wrapper fusion-column-has-shadow fusion-flex-justify-content-flex-start fusion-content-layout-column\"><script type=\"text\/javascript\">\nmgc_params = {'lang':'de', 'tenant':'campinglagodimonate', 'site':'1','accomodation':'1'}\n<\/script>\n<script src=\"https:\/\/formbooking.myguestcare.com\/2\/mgc-bookingengine.min.js\"><\/script>\n\n<div id=\"mysearchengine\" class=\"mgc-container\"><\/div><div class=\"fusion-separator fusion-full-width-sep\" style=\"align-self: center;margin-left: auto;margin-right: auto;margin-top:12px;width:100%;\"><\/div><\/div><\/div><\/div><\/div><div class=\"fusion-fullwidth fullwidth-box fusion-builder-row-3 nonhundred-percent-fullwidth non-hundred-percent-height-scrolling\" style=\"--awb-background-position:left top;--awb-border-sizes-top:0px;--awb-border-sizes-bottom:0px;--awb-border-sizes-left:0px;--awb-border-sizes-right:0px;--awb-border-radius-top-left:0px;--awb-border-radius-top-right:0px;--awb-border-radius-bottom-right:0px;--awb-border-radius-bottom-left:0px;--awb-padding-top:70px;--awb-padding-bottom:40px;--awb-flex-wrap:wrap;\" ><div class=\"fusion-builder-row fusion-row\"><div class=\"fusion-layout-column fusion_builder_column fusion-builder-column-3 fusion_builder_column_1_1 1_1 fusion-one-full fusion-column-first fusion-column-last fusion-column-no-min-height\" style=\"--awb-bg-size:cover;--awb-margin-bottom:0px;\"><div class=\"fusion-column-wrapper fusion-flex-column-wrapper-legacy\"><div class=\"fusion-flip-boxes flip-boxes row fusion-columns-3 flip-effect-classic\"><div class=\"fusion-flip-box-wrapper fusion-column col-lg-4 col-md-4 col-sm-4\"><div class=\"fusion-flip-box flip-right\" tabindex=\"0\"><div class=\"flip-box-inner-wrapper\"><div class=\"flip-box-front\" style=\"--awb-icon-color:#cbaa5c;--awb-border-size:1px;--awb-border-radius:4px;\"><div class=\"flip-box-front-inner\"><div class=\"flip-box-grafix flip-box-no-circle\"><i aria-hidden=\"true\" class=\"fa-map-marker-alt fas\"><\/i><\/div><h2 class=\"flip-box-heading\">Besuchen Sie uns<\/h2>Fragen Sie an der Rezeption nach allen Informationen, die Sie ben\u00f6tigen<\/div><\/div><div class=\"flip-box-back\" style=\"--awb-icon-color:#cbaa5c;--awb-border-size:1px;--awb-border-radius:4px;\"><div class=\"flip-box-back-inner\"><h3 class=\"flip-box-heading-back\">Besuchen Sie uns<\/h3>\n<p>Via Lago di Monate, 497 &#8211; Comabbio (VA)<div class=\"fusion-button-wrapper\"><a class=\"fusion-button button-flat button-large button-custom fusion-button-default button-1 fusion-button-default-span \" style=\"--button_accent_color:#171717;--button_accent_hover_color:#171717;--button_border_hover_color:#171717;--button_border_width-top:0px;--button_border_width-right:0px;--button_border_width-bottom:0px;--button_border_width-left:0px;--button-border-radius-top-left:0px;--button-border-radius-top-right:0px;--button-border-radius-bottom-right:0px;--button-border-radius-bottom-left:0px;--button_gradient_top_color:rgba(255,255,255,.25);--button_gradient_bottom_color:rgba(255,255,255,.25);--button_gradient_top_color_hover:rgba(255,255,255,.45);--button_gradient_bottom_color_hover:rgba(255,255,255,.45);\" target=\"_self\" href=\"https:\/\/www.google.com\/maps\/place\/Camping+Lago+di+Monate\/@45.7832908,8.6744918,17z\/data=!3m1!4b1!4m8!3m7!1s0x47867a4abe8f4cf1:0xc87492d839f4ac79!5m2!4m1!1i2!8m2!3d45.7832908!4d8.6766805\"><span class=\"fusion-button-text awb-button__text awb-button__text--default\">\u00d6ffnen Sie Maps<\/span><\/a><\/div>\n<\/div><\/div><\/div><\/div><\/div><div class=\"fusion-flip-box-wrapper fusion-column col-lg-4 col-md-4 col-sm-4\"><div class=\"fusion-flip-box flip-right\" tabindex=\"0\"><div class=\"flip-box-inner-wrapper\"><div class=\"flip-box-front\" style=\"--awb-icon-color:#cbaa5c;--awb-border-size:1px;--awb-border-radius:4px;\"><div class=\"flip-box-front-inner\"><div class=\"flip-box-grafix flip-box-no-circle\"><i aria-hidden=\"true\" class=\"fa-phone fas\"><\/i><\/div><h2 class=\"flip-box-heading\">Rufen Sie uns an<\/h2>Rufen Sie uns w\u00e4hrend der B\u00fcrozeiten f\u00fcr Informationen an<\/div><\/div><div class=\"flip-box-back\" style=\"--awb-icon-color:#cbaa5c;--awb-border-size:1px;--awb-border-radius:4px;\"><div class=\"flip-box-back-inner\"><h3 class=\"flip-box-heading-back\">Rufen Sie uns an<\/h3>\n<p>+39 335 800 68 78<div class=\"fusion-button-wrapper\"><a class=\"fusion-button button-flat button-large button-custom fusion-button-default button-2 fusion-button-default-span \" style=\"--button_accent_color:#171717;--button_accent_hover_color:#171717;--button_border_hover_color:#171717;--button_border_width-top:0px;--button_border_width-right:0px;--button_border_width-bottom:0px;--button_border_width-left:0px;--button-border-radius-top-left:0px;--button-border-radius-top-right:0px;--button-border-radius-bottom-right:0px;--button-border-radius-bottom-left:0px;--button_gradient_top_color:rgba(255,255,255,.25);--button_gradient_bottom_color:rgba(255,255,255,.25);--button_gradient_top_color_hover:rgba(255,255,255,.45);--button_gradient_bottom_color_hover:rgba(255,255,255,.45);\" target=\"_self\" href=\"tel:+393358006878\"><span class=\"fusion-button-text awb-button__text awb-button__text--default\">Rufen Sie uns an<\/span><\/a><\/div>\n<\/div><\/div><\/div><\/div><\/div><div class=\"fusion-flip-box-wrapper fusion-column col-lg-4 col-md-4 col-sm-4\"><div class=\"fusion-flip-box flip-right\" tabindex=\"0\"><div class=\"flip-box-inner-wrapper\"><div class=\"flip-box-front\" style=\"--awb-icon-color:#cbaa5c;--awb-border-size:1px;--awb-border-radius:4px;\"><div class=\"flip-box-front-inner\"><div class=\"flip-box-grafix flip-box-no-circle\"><i aria-hidden=\"true\" class=\"fa-envelope far\"><\/i><\/div><h2 class=\"flip-box-heading\">Schreiben Sie uns<\/h2>Schreiben Sie uns eine E-Mail, um Informationen anzufordern<\/div><\/div><div class=\"flip-box-back\" style=\"--awb-icon-color:#cbaa5c;--awb-border-size:1px;--awb-border-radius:4px;\"><div class=\"flip-box-back-inner\"><h3 class=\"flip-box-heading-back\">Schreiben Sie uns<\/h3>\n<p>Senden Sie uns eine E-Mail an info@campinglagodimonate.it<div class=\"fusion-button-wrapper\"><a class=\"fusion-button button-flat button-large button-custom fusion-button-default button-3 fusion-button-default-span \" style=\"--button_accent_color:#171717;--button_accent_hover_color:#171717;--button_border_hover_color:#171717;--button_border_width-top:0px;--button_border_width-right:0px;--button_border_width-bottom:0px;--button_border_width-left:0px;--button-border-radius-top-left:0px;--button-border-radius-top-right:0px;--button-border-radius-bottom-right:0px;--button-border-radius-bottom-left:0px;--button_gradient_top_color:rgba(255,255,255,.25);--button_gradient_bottom_color:rgba(255,255,255,.25);--button_gradient_top_color_hover:rgba(255,255,255,.45);--button_gradient_bottom_color_hover:rgba(255,255,255,.45);\" target=\"_self\" href=\"mailto:info@campinglagodimonate.it\"><span class=\"fusion-button-text awb-button__text awb-button__text--default\">Schreiben Sie uns<\/span><\/a><\/div>\n<\/div><\/div><\/div><\/div><\/div><\/div><div class=\"clearfix\"><\/div><div class=\"fusion-clearfix\"><\/div><\/div><\/div><\/div><\/div><div class=\"fusion-fullwidth fullwidth-box fusion-builder-row-4 hundred-percent-fullwidth non-hundred-percent-height-scrolling\" style=\"--awb-background-position:left top;--awb-border-sizes-top:0px;--awb-border-sizes-bottom:0px;--awb-border-sizes-left:0px;--awb-border-sizes-right:0px;--awb-border-radius-top-left:0px;--awb-border-radius-top-right:0px;--awb-border-radius-bottom-right:0px;--awb-border-radius-bottom-left:0px;--awb-padding-top:0px;--awb-padding-right:0px;--awb-padding-bottom:0px;--awb-padding-left:0px;--awb-margin-bottom:0px;--awb-flex-wrap:wrap;\" ><div class=\"fusion-builder-row fusion-row\"><div class=\"fusion-layout-column fusion_builder_column fusion-builder-column-4 fusion_builder_column_1_1 1_1 fusion-one-full fusion-column-first fusion-column-last fusion-column-no-min-height\" style=\"--awb-bg-size:cover;--awb-margin-bottom:0px;\"><div class=\"fusion-column-wrapper fusion-column-has-shadow fusion-flex-column-wrapper-legacy\"><iframe src=\"https:\/\/www.google.com\/maps\/embed?pb=!1m18!1m12!1m3!1d2782.3994797291243!2d8.674680415802621!3d45.78322397910591!2m3!1f0!2f0!3f0!3m2!1i1024!2i768!4f13.1!3m3!1m2!1s0x47867a4abe8f4cf1:0xc87492d839f4ac79!2sCamping%20Lago%20di%20Monate!5e0!3m2!1sit!2sit!4v1637336783823!5m2!1sit!2sit\" width=\"100%\" height=\"450\" style=\"border:0;\" allowfullscreen=\"\" loading=\"lazy\"><\/iframe><div class=\"fusion-clearfix\"><\/div><\/div><\/div><\/div><\/div><\/p>\n","protected":false},"excerpt":{"rendered":"","protected":false},"author":1,"featured_media":0,"parent":0,"menu_order":0,"comment_status":"open","ping_status":"open","template":"100-width.php","meta":{"footnotes":""},"class_list":["post-3374","page","type-page","status-publish","hentry"],"_links":{"self":[{"href":"https:\/\/campinglagodimonate.it\/de\/wp-json\/wp\/v2\/pages\/3374","targetHints":{"allow":["GET"]}}],"collection":[{"href":"https:\/\/campinglagodimonate.it\/de\/wp-json\/wp\/v2\/pages"}],"about":[{"href":"https:\/\/campinglagodimonate.it\/de\/wp-json\/wp\/v2\/types\/page"}],"author":[{"embeddable":true,"href":"https:\/\/campinglagodimonate.it\/de\/wp-json\/wp\/v2\/users\/1"}],"replies":[{"embeddable":true,"href":"https:\/\/campinglagodimonate.it\/de\/wp-json\/wp\/v2\/comments?post=3374"}],"version-history":[{"count":11,"href":"https:\/\/campinglagodimonate.it\/de\/wp-json\/wp\/v2\/pages\/3374\/revisions"}],"predecessor-version":[{"id":4687,"href":"https:\/\/campinglagodimonate.it\/de\/wp-json\/wp\/v2\/pages\/3374\/revisions\/4687"}],"wp:attachment":[{"href":"https:\/\/campinglagodimonate.it\/de\/wp-json\/wp\/v2\/media?parent=3374"}],"curies":[{"name":"wp","href":"https:\/\/api.w.org\/{rel}","templated":true}]}}